{"id":373,"date":"2018-06-21T16:30:20","date_gmt":"2018-06-21T14:30:20","guid":{"rendered":"http:\/\/cerca-informacio.recursos.uoc.edu\/?page_id=373"},"modified":"2018-06-21T16:30:20","modified_gmt":"2018-06-21T14:30:20","slug":"1-1-que-necesito","status":"publish","type":"page","link":"http:\/\/cerca-informacio.recursos.uoc.edu\/es\/1-1-que-necesito\/","title":{"rendered":"1.1. \u00bfQu\u00e9 necesito?"},"content":{"rendered":"<div class=\"featured featured-blue\"><p>Cuando hablamos de <strong>internet<\/strong> nos referimos, en t\u00e9rminos generales, a la red global de ordenadores y otros dispositivos inform\u00e1ticos conectados unos con otros, a trav\u00e9s de los cuales usuarios de todo el mundo hacen circular constantemente todo tipo de contenidos.<\/p>\n<\/div>\n<p>Dado que la navegaci\u00f3n por esta red se ha convertido en una actividad absolutamente integrada en nuestro d\u00eda a d\u00eda, tendemos a despreciar la complejidad tecnol\u00f3gica que hay detr\u00e1s de una simple b\u00fasqueda y la fragilidad de los fundamentos en los que se sustenta.<\/p>\n<p>Una descripci\u00f3n de las necesidades b\u00e1sicas para hacer una b\u00fasqueda podr\u00eda ser:<\/p>\n<ol>\n<li>Por la parte del <strong>hardware<\/strong>, debemos tener un <strong>dispositivo<\/strong> (ordenador personal, m\u00f3vil, tableta, etc.) con capacidad para establecer una <strong>conexi\u00f3n<\/strong> (por cable o v\u00eda inal\u00e1mbrica) a una <strong>red<\/strong> (habitualmente de \u00e1rea local o LAN). Para establecer esta conexi\u00f3n, hace falta que una <strong>empresa proveedora<\/strong> nos permita conectar nuestra red local a internet a trav\u00e9s de un <strong>direccionador<\/strong> (<em>router<\/em>).<\/li>\n<li>En cuanto a <strong>software<\/strong>, necesitaremos un programa <strong>navegador<\/strong> (Chrome, Explorer, Mozilla Firefox, etc.) que es capaz de leer la informaci\u00f3n almacenada en los <strong>servidores de internet<\/strong> y convertir el c\u00f3digo HTML en el que est\u00e1 escrita en lenguaje verbal y visual comprensible por un ser humano. El navegador nos permite acceder a los <strong>buscadores<\/strong> (Google, Bing, buscadores especializados, etc.) que nos ayudar\u00e1n a llegar a la informaci\u00f3n deseada.<\/li>\n<\/ol>\n<figure style=\"width: 672px\" class=\"wp-caption aligncenter\"><img loading=\"lazy\" class=\"aligncenter size-full wp-image-330\" src=\"\/wp-content\/uploads\/2018\/06\/80502_001.jpg\" alt=\"\" width=\"672\" height=\"591\" srcset=\"\/wp-content\/uploads\/2018\/06\/80502_001.jpg 672w, \/wp-content\/uploads\/2018\/06\/80502_001-300x264.jpg 300w\" sizes=\"(max-width: 672px) 100vw, 672px\" \/><figcaption class=\"wp-caption-text\">Figura 1. Elementos necesarios para llevar a cabo una b\u00fasqueda<\/figcaption><\/figure>\n<p>Los elementos de hardware y software nos tienen que permitir navegar de manera eficiente por internet, pero parece claro que ante el aumento exponencial y constante de informaci\u00f3n alojada en los servidores de internet, habr\u00e1 que saber cu\u00e1l es la informaci\u00f3n que necesitamos encontrar y qu\u00e9 uso haremos de la misma (personal, acad\u00e9mico, empresarial, investigaci\u00f3n bibliogr\u00e1fica, etc.) para poder marcar unos objetivos y estrategias que hagan eficiente la b\u00fasqueda.<\/p>\n","protected":false},"excerpt":{"rendered":"<p>Dado que la navegaci\u00f3n por esta red se ha convertido en una actividad absolutamente integrada en nuestro d\u00eda a d\u00eda, tendemos a despreciar la complejidad tecnol\u00f3gica que hay detr\u00e1s de una simple b\u00fasqueda y la fragilidad de los fundamentos en los que se sustenta. Una descripci\u00f3n de las necesidades b\u00e1sicas para hacer una b\u00fasqueda podr\u00eda [&hellip;]<\/p>\n","protected":false},"author":1,"featured_media":0,"parent":0,"menu_order":0,"comment_status":"closed","ping_status":"closed","template":"","meta":[],"_links":{"self":[{"href":"http:\/\/cerca-informacio.recursos.uoc.edu\/es\/wp-json\/wp\/v2\/pages\/373"}],"collection":[{"href":"http:\/\/cerca-informacio.recursos.uoc.edu\/es\/wp-json\/wp\/v2\/pages"}],"about":[{"href":"http:\/\/cerca-informacio.recursos.uoc.edu\/es\/wp-json\/wp\/v2\/types\/page"}],"author":[{"embeddable":true,"href":"http:\/\/cerca-informacio.recursos.uoc.edu\/es\/wp-json\/wp\/v2\/users\/1"}],"replies":[{"embeddable":true,"href":"http:\/\/cerca-informacio.recursos.uoc.edu\/es\/wp-json\/wp\/v2\/comments?post=373"}],"version-history":[{"count":1,"href":"http:\/\/cerca-informacio.recursos.uoc.edu\/es\/wp-json\/wp\/v2\/pages\/373\/revisions"}],"predecessor-version":[{"id":374,"href":"http:\/\/cerca-informacio.recursos.uoc.edu\/es\/wp-json\/wp\/v2\/pages\/373\/revisions\/374"}],"wp:attachment":[{"href":"http:\/\/cerca-informacio.recursos.uoc.edu\/es\/wp-json\/wp\/v2\/media?parent=373"}],"curies":[{"name":"wp","href":"https:\/\/api.w.org\/{rel}","templated":true}]}}