{"id":378,"date":"2018-06-21T16:37:52","date_gmt":"2018-06-21T14:37:52","guid":{"rendered":"http:\/\/cerca-informacio.recursos.uoc.edu\/?page_id=378"},"modified":"2018-07-30T09:32:56","modified_gmt":"2018-07-30T07:32:56","slug":"1-2-objetivos-de-la-busqueda","status":"publish","type":"page","link":"http:\/\/cerca-informacio.recursos.uoc.edu\/es\/1-2-objetivos-de-la-busqueda\/","title":{"rendered":"1.2. Objetivos de la b\u00fasqueda"},"content":{"rendered":"<p>Es importante que antes de iniciar una b\u00fasqueda, definamos los <strong>objetivos<\/strong>. Tener claro qu\u00e9 queremos y, a\u00fan m\u00e1s, para qu\u00e9 lo queremos permitir\u00e1 ahorrar ratos de navegaci\u00f3n infructuosa y puede condicionar las herramientas y estrategias que usaremos en la investigaci\u00f3n.<\/p>\n<p>Por lo tanto, ser\u00e1 esencial tener claras las necesidades y el uso que queremos dar a los resultados obtenidos.<\/p>\n<div class=\"featured featured-blue\"><p>Antes de empezar, debemos fijarnos unos objetivos espec\u00edficos que nos ayuden a encaminar y limitar la b\u00fasqueda.<\/p>\n<\/div>\n<p>Si la b\u00fasqueda es de \u00e1mbito acad\u00e9mico, debemos recapitular qu\u00e9 conceptos previos tenemos del tema en torno al cual queremos trabajar. Una buena elecci\u00f3n de los directorios y motores de b\u00fasqueda tambi\u00e9n ser\u00e1 esencial.<\/p>\n<div class=\"featured featured-grey\"><p><strong>Ejemplo<\/strong><\/p>\n<p>Si nuestro objetivo es profundizar en un aspecto jur\u00eddico y queremos darle un uso profesional, es probable que una b\u00fasqueda en Google no nos d\u00e9 un resultado lo bastante satisfactorio. En cambio, una b\u00fasqueda en una base de datos especializada (como por ejemplo <a href=\"http:\/\/hj.tribunalconstitucional.es\/es\" target=\"_blank\" rel=\"noopener\">http:\/\/hj.tribunalconstitucional.es\/es<\/a>) nos permite localizar la informaci\u00f3n deseada de manera eficiente.<\/p>\n<\/div>\n<p>&nbsp;<\/p>\n","protected":false},"excerpt":{"rendered":"<p>Es importante que antes de iniciar una b\u00fasqueda, definamos los objetivos. Tener claro qu\u00e9 queremos y, a\u00fan m\u00e1s, para qu\u00e9 lo queremos permitir\u00e1 ahorrar ratos de navegaci\u00f3n infructuosa y puede condicionar las herramientas y estrategias que usaremos en la investigaci\u00f3n. Por lo tanto, ser\u00e1 esencial tener claras las necesidades y el uso que queremos dar [&hellip;]<\/p>\n","protected":false},"author":1,"featured_media":0,"parent":0,"menu_order":0,"comment_status":"closed","ping_status":"closed","template":"","meta":[],"_links":{"self":[{"href":"http:\/\/cerca-informacio.recursos.uoc.edu\/es\/wp-json\/wp\/v2\/pages\/378"}],"collection":[{"href":"http:\/\/cerca-informacio.recursos.uoc.edu\/es\/wp-json\/wp\/v2\/pages"}],"about":[{"href":"http:\/\/cerca-informacio.recursos.uoc.edu\/es\/wp-json\/wp\/v2\/types\/page"}],"author":[{"embeddable":true,"href":"http:\/\/cerca-informacio.recursos.uoc.edu\/es\/wp-json\/wp\/v2\/users\/1"}],"replies":[{"embeddable":true,"href":"http:\/\/cerca-informacio.recursos.uoc.edu\/es\/wp-json\/wp\/v2\/comments?post=378"}],"version-history":[{"count":4,"href":"http:\/\/cerca-informacio.recursos.uoc.edu\/es\/wp-json\/wp\/v2\/pages\/378\/revisions"}],"predecessor-version":[{"id":506,"href":"http:\/\/cerca-informacio.recursos.uoc.edu\/es\/wp-json\/wp\/v2\/pages\/378\/revisions\/506"}],"wp:attachment":[{"href":"http:\/\/cerca-informacio.recursos.uoc.edu\/es\/wp-json\/wp\/v2\/media?parent=378"}],"curies":[{"name":"wp","href":"https:\/\/api.w.org\/{rel}","templated":true}]}}