{"id":380,"date":"2018-06-21T16:39:36","date_gmt":"2018-06-21T14:39:36","guid":{"rendered":"http:\/\/cerca-informacio.recursos.uoc.edu\/?page_id=380"},"modified":"2019-12-10T12:12:47","modified_gmt":"2019-12-10T10:12:47","slug":"1-3-estrategias-de-busqueda","status":"publish","type":"page","link":"http:\/\/cerca-informacio.recursos.uoc.edu\/es\/1-3-estrategias-de-busqueda\/","title":{"rendered":"1.3. Estrategias de b\u00fasqueda"},"content":{"rendered":"<p>El enorme caudal de informaci\u00f3n presente en la Red nos obliga a establecer unas <strong>estrategias<\/strong> para conseguir los resultados m\u00e1s precisos y adecuados a nuestra necesidad en el m\u00ednimo tiempo posible. Localizar informaci\u00f3n en internet pide unas competencias que exigen ser met\u00f3dicos, tener sentido cr\u00edtico, ser habilidosos en la resoluci\u00f3n de problemas, poseer una buena competencia lectora, etc.<\/p>\n<p>A continuaci\u00f3n, mencionamos algunas de estas estrategias:<\/p>\n<ul>\n<li><strong>Tener bien definido nuestro objetivo de b\u00fasqueda:<\/strong> qu\u00e9 queremos buscar, para qu\u00e9 lo necesitamos, en qu\u00e9 formato nos interesa, c\u00f3mo contrastaremos la informaci\u00f3n, etc.<\/li>\n<li><strong>Elegir qu\u00e9 tipo de buscador procede a cada necesidad:<\/strong> <a href=\"http:\/\/www.google.com\" target=\"_blank\" rel=\"noopener\">Google<\/a> puede ser un excelente buscador gen\u00e9rico, pero si estamos haciendo b\u00fasqueda bibliogr\u00e1fica, seguro que un buscador m\u00e1s especializado como <a href=\"https:\/\/www.agenciaisbn.es\/web\/index.php\" target=\"_blank\" rel=\"noopener\">ISBN<\/a> dar\u00e1 mejores resultados.<\/li>\n<li><strong>Pensar algunas palabras clave<\/strong> que describan de manera precisa y, si puede ser, \u00fanica, el objeto que hay que buscar.<\/li>\n<li><strong>Escribir las palabras clave en una lengua mayoritaria<\/strong> en internet ampliar\u00e1 el n\u00famero de resultados. Si somos competentes en alguna de estas lenguas (ingl\u00e9s, espa\u00f1ol, franc\u00e9s, etc.), podemos ampliar el \u00e1mbito de hallazgos.<\/li>\n<li><strong>Elegir o discriminar canales y apoyos<\/strong> (texto, imagen, v\u00eddeo, PDF, etc.) nos acercar\u00e1 a lo que realmente queremos encontrar.<\/li>\n<li><strong>Usar conectores l\u00f3gicos entre las palabras clave<\/strong> nos ayudar\u00e1 a refinar los t\u00e9rminos de la b\u00fasqueda. De manera alternativa, <strong>usar determinados s\u00edmbolos<\/strong>, como las comillas o el asterisco, eliminar\u00e1 resultados no deseados, tal y como se explica en el apartado \u00abConectores l\u00f3gicos\u00bb.<\/li>\n<\/ul>\n<p>Las p\u00e1ginas alojadas en los servidores de internet son reconocidas e indexadas por los motores de b\u00fasqueda. Los buscadores m\u00e1s conocidos son Google, Bing, Yahoo!, DuckDuckGo, etc., pero hay muchos m\u00e1s y pueden resultar mucho m\u00e1s potentes para determinadas ocasiones que el omnipresente Google.<\/p>\n<div class=\"featured featured-blue\"><p>Un <strong>motor de b\u00fasqueda<\/strong>, pues, es un sistema que se encarga de buscar archivos que se encuentran alojados en los servidores de internet.<\/p>\n<\/div>\n<p>Los buscadores se activan cuando escribimos las palabras clave en el cuadro de di\u00e1logo del buscador. El secreto para hacer una b\u00fasqueda eficiente pasa por elegir bien estos t\u00e9rminos clave y, de este modo, facilitar el trabajo al motor de b\u00fasqueda.<\/p>\n","protected":false},"excerpt":{"rendered":"<p>El enorme caudal de informaci\u00f3n presente en la Red nos obliga a establecer unas estrategias para conseguir los resultados m\u00e1s precisos y adecuados a nuestra necesidad en el m\u00ednimo tiempo posible. Localizar informaci\u00f3n en internet pide unas competencias que exigen ser met\u00f3dicos, tener sentido cr\u00edtico, ser habilidosos en la resoluci\u00f3n de problemas, poseer una buena [&hellip;]<\/p>\n","protected":false},"author":1,"featured_media":0,"parent":0,"menu_order":0,"comment_status":"closed","ping_status":"closed","template":"","meta":[],"_links":{"self":[{"href":"http:\/\/cerca-informacio.recursos.uoc.edu\/es\/wp-json\/wp\/v2\/pages\/380"}],"collection":[{"href":"http:\/\/cerca-informacio.recursos.uoc.edu\/es\/wp-json\/wp\/v2\/pages"}],"about":[{"href":"http:\/\/cerca-informacio.recursos.uoc.edu\/es\/wp-json\/wp\/v2\/types\/page"}],"author":[{"embeddable":true,"href":"http:\/\/cerca-informacio.recursos.uoc.edu\/es\/wp-json\/wp\/v2\/users\/1"}],"replies":[{"embeddable":true,"href":"http:\/\/cerca-informacio.recursos.uoc.edu\/es\/wp-json\/wp\/v2\/comments?post=380"}],"version-history":[{"count":5,"href":"http:\/\/cerca-informacio.recursos.uoc.edu\/es\/wp-json\/wp\/v2\/pages\/380\/revisions"}],"predecessor-version":[{"id":780,"href":"http:\/\/cerca-informacio.recursos.uoc.edu\/es\/wp-json\/wp\/v2\/pages\/380\/revisions\/780"}],"wp:attachment":[{"href":"http:\/\/cerca-informacio.recursos.uoc.edu\/es\/wp-json\/wp\/v2\/media?parent=380"}],"curies":[{"name":"wp","href":"https:\/\/api.w.org\/{rel}","templated":true}]}}