{"id":382,"date":"2018-06-21T16:41:02","date_gmt":"2018-06-21T14:41:02","guid":{"rendered":"http:\/\/cerca-informacio.recursos.uoc.edu\/?page_id=382"},"modified":"2019-12-27T12:16:42","modified_gmt":"2019-12-27T10:16:42","slug":"1-4-conectores-logicos","status":"publish","type":"page","link":"http:\/\/cerca-informacio.recursos.uoc.edu\/es\/1-4-conectores-logicos\/","title":{"rendered":"1.4. Conectores l\u00f3gicos"},"content":{"rendered":"<p>Una de las t\u00e9cnicas m\u00e1s b\u00e1sicas, y a la vez productivas, en la localizaci\u00f3n de informaci\u00f3n en internet es el uso de conectores <strong>l\u00f3gicos<\/strong> entre las palabras clave.\u00a0Este tipo de b\u00fasqueda se denomina\u00a0<strong>booleana<\/strong>, en honor al matem\u00e1tico ingl\u00e9s George Boole, que cre\u00f3 un sistema l\u00f3gico para relacionar o excluir conceptos. La mayor\u00eda de los buscadores entienden y aceptan los operadores l\u00f3gicos (<em>AND<\/em>, <em>NOT<\/em>, <em>NEAR<\/em> y <em>OR<\/em>) y sus equivalencias en forma de s\u00edmbolos matem\u00e1ticos.<\/p>\n<table>\n<tbody>\n<tr>\n<th scope=\"col\" width=\"20%\"><strong>Operador l\u00f3gico<\/strong><\/th>\n<th scope=\"col\" width=\"20%\"><strong>S\u00edmbolo matem\u00e1tico<\/strong><\/th>\n<th scope=\"col\" width=\"60%\"><strong>Descripci\u00f3n<\/strong><\/th>\n<\/tr>\n<tr>\n<td style=\"text-align: center;\"><strong><em>AND<\/em><\/strong><\/td>\n<td style=\"text-align: center;\">+<\/td>\n<td>Obliga al buscador a presentar resultados que contengan las dos palabras relacionadas por el operador. Por ejemplo, <em>Sitges AND modernismo<\/em> mostrar\u00e1 p\u00e1ginas que contengan los dos conceptos.<\/td>\n<\/tr>\n<tr>\n<td style=\"text-align: center;\"><strong><em>NOT<\/em><\/strong><\/td>\n<td style=\"text-align: center;\">&#8211;<\/td>\n<td>Indica al buscador que queremos resultados que contengan la palabra anterior al operador, pero que excluya la posterior. Por ejemplo, <em>Sitges NOT modernismo<\/em> mostrar\u00e1 p\u00e1ginas que hablen de Sitges, pero no de modernismo.<\/td>\n<\/tr>\n<tr>\n<td style=\"text-align: center;\"><strong><em>OR<\/em><\/strong><\/td>\n<td style=\"text-align: center;\">Espacio blanco<\/td>\n<td>Pide que al menos una de las palabras figure en la p\u00e1gina. En este caso, <em>Sitges OR modernismo<\/em> nos mostrar\u00e1 p\u00e1ginas que hablen tanto de Sitges como de modernismo (si bien, por defecto, muestra primero las que contienen las dos).<\/td>\n<\/tr>\n<tr>\n<td style=\"text-align: center;\"><strong><em>NEAR<\/em><\/strong><\/td>\n<td style=\"text-align: center;\">Poner la palabra entre comillas<\/td>\n<td>Pide al buscador mostrar resultados que tengan las dos palabras seguidas. En este caso, <em>Sitges NEAR modernismo<\/em> mostrar\u00e1 p\u00e1ginas con las dos palabras adyacentes o cercanas.<\/td>\n<\/tr>\n<\/tbody>\n<\/table>\n<p>A pesar de que el <strong>asterisco (*) <\/strong>no se puede considerar un conector, es interpretado por los buscadores como un comod\u00edn. De este modo, <em>moder*<\/em> dar\u00e1 como resultado palabras que contengan como palabras clave modernismo, moderno, moderaci\u00f3n, etc.<\/p>\n<p>Estos operadores (o sus equivalentes) se pueden usar combinados y, por lo tanto, se puede refinar mucho m\u00e1s la b\u00fasqueda. Por ejemplo, la expresi\u00f3n <em>\u201cSitges moder*\u201d NOT pintura<\/em> mostrar\u00e1 p\u00e1ginas que contengan Sitges y modernista (o modernidad, o moderna, etc.) y que no tengan el concepto pintura.<\/p>\n","protected":false},"excerpt":{"rendered":"<p>Una de las t\u00e9cnicas m\u00e1s b\u00e1sicas, y a la vez productivas, en la localizaci\u00f3n de informaci\u00f3n en internet es el uso de conectores l\u00f3gicos entre las palabras clave.\u00a0Este tipo de b\u00fasqueda se denomina\u00a0booleana, en honor al matem\u00e1tico ingl\u00e9s George Boole, que cre\u00f3 un sistema l\u00f3gico para relacionar o excluir conceptos. La mayor\u00eda de los buscadores [&hellip;]<\/p>\n","protected":false},"author":1,"featured_media":0,"parent":0,"menu_order":0,"comment_status":"closed","ping_status":"closed","template":"","meta":[],"_links":{"self":[{"href":"http:\/\/cerca-informacio.recursos.uoc.edu\/es\/wp-json\/wp\/v2\/pages\/382"}],"collection":[{"href":"http:\/\/cerca-informacio.recursos.uoc.edu\/es\/wp-json\/wp\/v2\/pages"}],"about":[{"href":"http:\/\/cerca-informacio.recursos.uoc.edu\/es\/wp-json\/wp\/v2\/types\/page"}],"author":[{"embeddable":true,"href":"http:\/\/cerca-informacio.recursos.uoc.edu\/es\/wp-json\/wp\/v2\/users\/1"}],"replies":[{"embeddable":true,"href":"http:\/\/cerca-informacio.recursos.uoc.edu\/es\/wp-json\/wp\/v2\/comments?post=382"}],"version-history":[{"count":3,"href":"http:\/\/cerca-informacio.recursos.uoc.edu\/es\/wp-json\/wp\/v2\/pages\/382\/revisions"}],"predecessor-version":[{"id":801,"href":"http:\/\/cerca-informacio.recursos.uoc.edu\/es\/wp-json\/wp\/v2\/pages\/382\/revisions\/801"}],"wp:attachment":[{"href":"http:\/\/cerca-informacio.recursos.uoc.edu\/es\/wp-json\/wp\/v2\/media?parent=382"}],"curies":[{"name":"wp","href":"https:\/\/api.w.org\/{rel}","templated":true}]}}