{"id":384,"date":"2018-06-21T16:45:00","date_gmt":"2018-06-21T14:45:00","guid":{"rendered":"http:\/\/cerca-informacio.recursos.uoc.edu\/?page_id=384"},"modified":"2018-07-03T12:51:32","modified_gmt":"2018-07-03T10:51:32","slug":"1-5-tipos-de-busqueda","status":"publish","type":"page","link":"http:\/\/cerca-informacio.recursos.uoc.edu\/es\/1-5-tipos-de-busqueda\/","title":{"rendered":"1.5. Tipos de b\u00fasqueda"},"content":{"rendered":"<p>Es indudable que internet se ha convertido en la herramienta por excelencia a la hora de buscar y localizar informaci\u00f3n. Cuando los usuarios utilizamos los motores de b\u00fasqueda, dejamos un rastro que empresas e instituciones pretenden rentabilizar y no dejan pasar la oportunidad de influir en nuestras decisiones. La manera en que los motores ofrecen los resultados a los usuarios ha cambiado mucho desde los inicios de internet, y este hecho tambi\u00e9n condiciona los tipos de b\u00fasqueda que hacemos en la Red.<\/p>\n<p>Las tipolog\u00edas b\u00e1sicas, presentes desde los inicios de internet, pretenden encontrar:<\/p>\n<ul>\n<li><strong>Un sitio web:<\/strong> b\u00fasquedas destinadas a encontrar una p\u00e1gina web o una aplicaci\u00f3n en l\u00ednea sin tener que escribir su direcci\u00f3n URL. Cuando escribimos \u00abyoutube\u00bb o \u00abnetflix\u00bb en la caja de b\u00fasqueda, no pretendemos encontrar informaci\u00f3n sobre estos servicios, sino acceder a ellos directamente.<\/li>\n<li><strong>Informaci\u00f3n:<\/strong> el objeto de la b\u00fasqueda es encontrar la informaci\u00f3n m\u00e1s relevante alojada en la Red sobre un tema. Esta informaci\u00f3n se puede obtener a trav\u00e9s de muchos formatos: texto, imagen, v\u00eddeo, infograf\u00eda, mapa, documento PDF, presentaci\u00f3n de diapositivas, glosario, directorio, etc.<\/li>\n<li><strong>Un producto:<\/strong> en este caso, la b\u00fasqueda suele tener como objetivo la adquisici\u00f3n de un producto o un servicio. Las empresas dedican muchos recursos y esfuerzos a conseguir los posicionamientos m\u00e1s favorables, y es una de las principales fuentes de ingresos de los buscadores.<\/li>\n<\/ul>\n<p>Los motores de b\u00fasqueda tienen muy estudiados los comportamientos de los usuarios, y por eso cuidan mucho el dise\u00f1o de su p\u00e1gina de resultados (SERP, en ingl\u00e9s) y procuran satisfacer las necesidades de los usuarios y tambi\u00e9n sacar rendimiento comercial de ello.<\/p>\n<div class=\"featured featured-grey\"><\/p>\n<p>Si nos centramos en Google, sin duda el buscador m\u00e1s popular, podemos comprobar su diversidad a la hora de mostrar resultados en funci\u00f3n de c\u00f3mo interpreta las necesidades del usuario. Si intentamos buscar, por ejemplo, un personaje hist\u00f3rico, nos mostrar\u00e1 en primer lugar los art\u00edculos de Wikipedia y tambi\u00e9n, a la derecha de la pantalla, un gr\u00e1fico de conocimiento que permite tener datos de manera inmediata y visual:<\/p>\n<figure style=\"width: 640px\" class=\"wp-caption aligncenter\"><img loading=\"lazy\" class=\"aligncenter size-full wp-image-110\" src=\"\/wp-content\/uploads\/2018\/06\/10502_002.jpg\" alt=\"\" width=\"640\" height=\"400\" srcset=\"\/wp-content\/uploads\/2018\/06\/10502_002.jpg 640w, \/wp-content\/uploads\/2018\/06\/10502_002-300x188.jpg 300w\" sizes=\"(max-width: 640px) 100vw, 640px\" \/><figcaption class=\"wp-caption-text\">Figura 2. Ejemplo de muestra de resultados con el buscador Google.<\/figcaption><\/figure>\n<p>Si, en cambio, buscamos una canci\u00f3n, Google nos ofrecer\u00e1 la posibilidad de ver un v\u00eddeo de Youtube con la interpretaci\u00f3n de la pieza hecha por su int\u00e9rprete original, as\u00ed como otras grabaciones.<\/p>\n<figure style=\"width: 640px\" class=\"wp-caption aligncenter\"><img loading=\"lazy\" class=\"aligncenter size-full wp-image-112\" src=\"\/wp-content\/uploads\/2018\/06\/10502_003.jpg\" alt=\"\" width=\"640\" height=\"400\" srcset=\"\/wp-content\/uploads\/2018\/06\/10502_003.jpg 640w, \/wp-content\/uploads\/2018\/06\/10502_003-300x188.jpg 300w\" sizes=\"(max-width: 640px) 100vw, 640px\" \/><figcaption class=\"wp-caption-text\">Figura 3. Ejemplo de muestra de resultados con el buscador Google si buscamos una canci\u00f3n.<\/figcaption><\/figure>\n<p>Si, en cambio, escribimos \u00abviaje a Roma\u00bb, los primeros resultados son anuncios patrocinados (entre estos, de un servicio propio de venta de billetes) y, a la derecha, el cuadro de conocimiento con informaci\u00f3n extra\u00edda de Wikipedia.<\/p>\n<figure style=\"width: 640px\" class=\"wp-caption aligncenter\"><img loading=\"lazy\" class=\"aligncenter size-full wp-image-114\" src=\"\/wp-content\/uploads\/2018\/06\/10502_004.jpg\" alt=\"\" width=\"640\" height=\"377\" srcset=\"\/wp-content\/uploads\/2018\/06\/10502_004.jpg 640w, \/wp-content\/uploads\/2018\/06\/10502_004-300x177.jpg 300w\" sizes=\"(max-width: 640px) 100vw, 640px\" \/><figcaption class=\"wp-caption-text\">Figura 4. Ejemplo de muestra de resultados con el buscador Google si buscamos una ciudad.<\/figcaption><\/figure>\n<p>Si queremos seguir viendo la versatilidad de la p\u00e1gina de resultados de Google, podemos comprobar que la introducci\u00f3n de palabras como \u00abibex 35\u00bb, \u00abde Barcelona a Andorra\u00bb, \u00abtranslate canelobre\u00bb, \u00abcomprar olla\u00bb, \u00abcandy crush\u00bb, etc. proporciona visualizaciones de resultados muy diferentes.<\/p>\n<figure style=\"width: 640px\" class=\"wp-caption aligncenter\"><img loading=\"lazy\" class=\"aligncenter size-full wp-image-116\" src=\"\/wp-content\/uploads\/2018\/06\/10502_005.jpg\" alt=\"\" width=\"640\" height=\"365\" srcset=\"\/wp-content\/uploads\/2018\/06\/10502_005.jpg 640w, \/wp-content\/uploads\/2018\/06\/10502_005-300x171.jpg 300w\" sizes=\"(max-width: 640px) 100vw, 640px\" \/><figcaption class=\"wp-caption-text\">Figura 5. El traductor de Google.<\/figcaption><\/figure>\n<p>Google sofistica su motor de b\u00fasqueda y procura ofrecer los resultados de manera m\u00e1s inmediata. Por ejemplo, podemos usar la barra de b\u00fasquedas como calculadora (lo veremos si escribimos un c\u00e1lculo aritm\u00e9tico como \u00ab3+12\/100\u00bb).<\/p>\n<figure style=\"width: 640px\" class=\"wp-caption aligncenter\"><img loading=\"lazy\" class=\"aligncenter size-full wp-image-118\" src=\"\/wp-content\/uploads\/2018\/06\/10502_006.jpg\" alt=\"\" width=\"640\" height=\"510\" srcset=\"\/wp-content\/uploads\/2018\/06\/10502_006.jpg 640w, \/wp-content\/uploads\/2018\/06\/10502_006-300x239.jpg 300w\" sizes=\"(max-width: 640px) 100vw, 640px\" \/><figcaption class=\"wp-caption-text\">Figura 6. Calculadora en el buscador Google.<\/figcaption><\/figure>\n<p>El motor de b\u00fasqueda interpreta que queremos hacer una operaci\u00f3n, y nos abre una calculadora perfectamente funcional, con el resultado. No solo admite operaciones simples, sino que escribiendo una funci\u00f3n como \u00abcos(3x)+sin(x), cos(7x)+sin(x)\u00bb, obtendremos su representaci\u00f3n gr\u00e1fica:<\/p>\n<figure style=\"width: 450px\" class=\"wp-caption aligncenter\"><img loading=\"lazy\" class=\"aligncenter size-full wp-image-120\" src=\"\/wp-content\/uploads\/2018\/06\/10502_007.jpg\" alt=\"\" width=\"450\" height=\"360\" srcset=\"\/wp-content\/uploads\/2018\/06\/10502_007.jpg 450w, \/wp-content\/uploads\/2018\/06\/10502_007-300x240.jpg 300w\" sizes=\"(max-width: 450px) 100vw, 450px\" \/><figcaption class=\"wp-caption-text\">Figura 7. Muestra de gr\u00e1fico al hacer una operaci\u00f3n con Google.<\/figcaption><\/figure>\n<p>La barra de b\u00fasqueda tambi\u00e9n nos sirve como conversor de unidades (figura 8), de monedas (figura 9) e incluso de c\u00f3digo de colores (figura 10).<\/p>\n<figure style=\"width: 400px\" class=\"wp-caption aligncenter\"><img loading=\"lazy\" class=\"aligncenter size-full wp-image-122\" src=\"\/wp-content\/uploads\/2018\/06\/10502_008.jpg\" alt=\"\" width=\"400\" height=\"179\" srcset=\"\/wp-content\/uploads\/2018\/06\/10502_008.jpg 400w, \/wp-content\/uploads\/2018\/06\/10502_008-300x134.jpg 300w\" sizes=\"(max-width: 400px) 100vw, 400px\" \/><figcaption class=\"wp-caption-text\">Figura 8. Conversor de unidades.<\/figcaption><\/figure>\n<figure style=\"width: 400px\" class=\"wp-caption aligncenter\"><img loading=\"lazy\" class=\"aligncenter size-full wp-image-124\" src=\"\/wp-content\/uploads\/2018\/06\/10502_009.jpg\" alt=\"\" width=\"400\" height=\"171\" srcset=\"\/wp-content\/uploads\/2018\/06\/10502_009.jpg 400w, \/wp-content\/uploads\/2018\/06\/10502_009-300x128.jpg 300w\" sizes=\"(max-width: 400px) 100vw, 400px\" \/><figcaption class=\"wp-caption-text\">Figura 9. Conversor de monedas.<\/figcaption><\/figure>\n<figure style=\"width: 640px\" class=\"wp-caption aligncenter\"><img loading=\"lazy\" class=\"aligncenter size-full wp-image-126\" src=\"\/wp-content\/uploads\/2018\/06\/10502_010.jpg\" alt=\"\" width=\"640\" height=\"438\" srcset=\"\/wp-content\/uploads\/2018\/06\/10502_010.jpg 640w, \/wp-content\/uploads\/2018\/06\/10502_010-300x205.jpg 300w\" sizes=\"(max-width: 640px) 100vw, 640px\" \/><figcaption class=\"wp-caption-text\">Figura 10. C\u00f3digo de colores de Google.<\/figcaption><\/figure>\n<p>\n<\/div>\n","protected":false},"excerpt":{"rendered":"<p>Es indudable que internet se ha convertido en la herramienta por excelencia a la hora de buscar y localizar informaci\u00f3n. Cuando los usuarios utilizamos los motores de b\u00fasqueda, dejamos un rastro que empresas e instituciones pretenden rentabilizar y no dejan pasar la oportunidad de influir en nuestras decisiones. La manera en que los motores ofrecen [&hellip;]<\/p>\n","protected":false},"author":1,"featured_media":0,"parent":0,"menu_order":0,"comment_status":"closed","ping_status":"closed","template":"","meta":[],"_links":{"self":[{"href":"http:\/\/cerca-informacio.recursos.uoc.edu\/es\/wp-json\/wp\/v2\/pages\/384"}],"collection":[{"href":"http:\/\/cerca-informacio.recursos.uoc.edu\/es\/wp-json\/wp\/v2\/pages"}],"about":[{"href":"http:\/\/cerca-informacio.recursos.uoc.edu\/es\/wp-json\/wp\/v2\/types\/page"}],"author":[{"embeddable":true,"href":"http:\/\/cerca-informacio.recursos.uoc.edu\/es\/wp-json\/wp\/v2\/users\/1"}],"replies":[{"embeddable":true,"href":"http:\/\/cerca-informacio.recursos.uoc.edu\/es\/wp-json\/wp\/v2\/comments?post=384"}],"version-history":[{"count":2,"href":"http:\/\/cerca-informacio.recursos.uoc.edu\/es\/wp-json\/wp\/v2\/pages\/384\/revisions"}],"predecessor-version":[{"id":484,"href":"http:\/\/cerca-informacio.recursos.uoc.edu\/es\/wp-json\/wp\/v2\/pages\/384\/revisions\/484"}],"wp:attachment":[{"href":"http:\/\/cerca-informacio.recursos.uoc.edu\/es\/wp-json\/wp\/v2\/media?parent=384"}],"curies":[{"name":"wp","href":"https:\/\/api.w.org\/{rel}","templated":true}]}}