{"id":386,"date":"2018-06-21T16:49:59","date_gmt":"2018-06-21T14:49:59","guid":{"rendered":"http:\/\/cerca-informacio.recursos.uoc.edu\/?page_id=386"},"modified":"2018-07-03T12:54:58","modified_gmt":"2018-07-03T10:54:58","slug":"1-6-que-herramientas-necesito","status":"publish","type":"page","link":"http:\/\/cerca-informacio.recursos.uoc.edu\/es\/1-6-que-herramientas-necesito\/","title":{"rendered":"1.6. \u00bfQu\u00e9 herramientas necesito?"},"content":{"rendered":"<p>Sin obviar la enorme complejidad tecnol\u00f3gica que hay tras la navegaci\u00f3n por la Red, las herramientas que necesitamos para hacer una b\u00fasqueda en la Red no son aparentemente muy exigentes: <strong>un dispositivo conectado a internet<\/strong> (ordenador personal, port\u00e1til, tableta, m\u00f3vil, etc.). La velocidad del procesador y de transferencia de datos de internet ser\u00e1n elementos importantes para garantizar una navegaci\u00f3n \u00f3ptima.<\/p>\n<p>En este dispositivo, ser\u00e1 necesario instalar un programa denominado <strong>navegador<\/strong>, que es una aplicaci\u00f3n digital que permite acceder a las p\u00e1ginas web alojadas en servidores de todo el mundo.<\/p>\n<p>Los navegadores m\u00e1s conocidos son Google Chrome, Mozilla Firefox, Microsoft Explorer, Microsoft Edge, Opera, Safari, UC Browser, Dolphin, etc. La competencia entre navegadores es feroz, y a menudo aparecen bancos de pruebas y comparativas que intentan destacar las fortalezas de cada competidor (velocidad, integraci\u00f3n con los diferentes sistemas operativos y plataformas, sencillez de uso, complementos, etc.). Seguramente, cada usuario tiene que encontrar el navegador que satisfaga sus necesidades. Tambi\u00e9n es recomendable no quedarse con una sola elecci\u00f3n, sino que conviene tener instalados un par o tres de navegadores.<\/p>\n<p>Dado que no todos los usuarios navegamos del mismo modo, la elecci\u00f3n de un navegador u otro depende de muchos factores. De todos modos, los datos aportados por expertos no dejan demasiado margen de duda sobre cu\u00e1l es el navegador m\u00e1s utilizado por los usuarios.<\/p>\n<figure style=\"width: 645px\" class=\"wp-caption aligncenter\"><img loading=\"lazy\" class=\"aligncenter size-full wp-image-129\" src=\"\/wp-content\/uploads\/2018\/06\/10502_011.jpg\" alt=\"\" width=\"645\" height=\"249\" srcset=\"\/wp-content\/uploads\/2018\/06\/10502_011.jpg 645w, \/wp-content\/uploads\/2018\/06\/10502_011-300x116.jpg 300w\" sizes=\"(max-width: 645px) 100vw, 645px\" \/><figcaption class=\"wp-caption-text\">Figura 11. Navegadores m\u00e1s utilizados los usuarios.<br \/>Fuente: datos de marzo del 2018, extra\u00eddos de:<br \/><a href=\"https:\/\/www.w3counter.com\/globalstats.php\" target=\"_blank\" rel=\"noopener\">https:\/\/www.w3counter.com\/globalstats.php<\/a><\/figcaption><\/figure>\n<p>Este liderazgo se debe, sobre todo, a buenas prestaciones del navegador de Google: buena usabilidad, rapidez de b\u00fasqueda, amplia biblioteca de extensiones, compatibilidad en todos los dispositivos y sistemas operativos, integraci\u00f3n en el ecosistema Google (im\u00e1genes, mapas, YouTube, etc.), protecci\u00f3n ante lugares maliciosos, navegaci\u00f3n privada u oculta, etc.<\/p>\n<p>Uno de los aspectos que diferencian unos navegadores de los otros son las <strong>extensiones<\/strong> o <strong>complementos<\/strong>. Se trata de peque\u00f1as aplicaciones que cada usuario puede instalar en el navegador para cubrir determinadas necesidades y hacer m\u00e1s satisfactoria la navegaci\u00f3n. Los navegadores que tienen m\u00e1s extensiones son <a href=\"https:\/\/chrome.google.com\/webstore\/category\/extensions?hl=ca\" target=\"_blank\" rel=\"noopener\">Chrome<\/a> y <a href=\"https:\/\/addons.mozilla.org\/ca\/firefox\/\" target=\"_blank\" rel=\"noopener\">Firefox<\/a>.<\/p>\n<p>El procedimiento para instalar estos complementos es simple. A continuaci\u00f3n, presentaremos un ejemplo.<\/p>\n<p>El complemento que queremos instalar en Firefox se denomina \u00abColorful tabs\u00bb, y marca de un color diferente cada una de las pesta\u00f1as abiertas en el navegador, y esto supuestamente facilita la identificaci\u00f3n de pesta\u00f1as. Para instalarlo, introducimos el nombre del complemento en la caja de b\u00fasquedas.<\/p>\n<figure style=\"width: 640px\" class=\"wp-caption aligncenter\"><img loading=\"lazy\" class=\"aligncenter size-full wp-image-130\" src=\"\/wp-content\/uploads\/2018\/06\/10502_012.jpg\" alt=\"\" width=\"640\" height=\"495\" srcset=\"\/wp-content\/uploads\/2018\/06\/10502_012.jpg 640w, \/wp-content\/uploads\/2018\/06\/10502_012-300x232.jpg 300w\" sizes=\"(max-width: 640px) 100vw, 640px\" \/><figcaption class=\"wp-caption-text\">Figura 12. Instalaci\u00f3n del complemento de Firefox, \u00abColor Tabs\u00bb.<\/figcaption><\/figure>\n<p>Despu\u00e9s, haremos clic en el bot\u00f3n correspondiente para indicar que lo queremos a\u00f1adir.<\/p>\n<figure style=\"width: 640px\" class=\"wp-caption aligncenter\"><img loading=\"lazy\" class=\"aligncenter size-full wp-image-132\" src=\"\/wp-content\/uploads\/2018\/06\/10502_013.jpg\" alt=\"\" width=\"640\" height=\"479\" srcset=\"\/wp-content\/uploads\/2018\/06\/10502_013.jpg 640w, \/wp-content\/uploads\/2018\/06\/10502_013-300x225.jpg 300w\" sizes=\"(max-width: 640px) 100vw, 640px\" \/><figcaption class=\"wp-caption-text\">Figura 13. Instalaci\u00f3n del complemento de Firefox, \u00abColor Tabs\u00bb<\/figcaption><\/figure>\n<p>La pr\u00f3xima vez que iniciemos Firefox y abramos una pesta\u00f1a, ya tendremos colores. Si no nos convence la nueva funcionalidad, podemos ir a \u00abMen\u00fa\u00bb &gt; \u00abComplementos\u00bb y deshabilitar \u00abColorful tabs\u00bb. De este modo, podemos explorar las posibilidades de personalizaci\u00f3n visual y funcional que permiten las extensiones, e irlas adecuando a nuestras necesidades y que nos ayuden a integrar servicios, eliminar publicidad, a\u00f1adir funcionalidades, etc.<\/p>\n<p>Finalmente, el \u00faltimo elemento que nos hace falta es un <strong>motor de b\u00fasqueda<\/strong> o buscador, que es una p\u00e1gina web que permite encontrar otras p\u00e1ginas web, as\u00ed como otra informaci\u00f3n (im\u00e1genes, v\u00eddeos, etc.) colgada en la Red. Algunos de los motores de b\u00fasqueda m\u00e1s populares son Google Chrome, Bing o Yahoo!, pero hay alternativas interesantes: <a href=\"https:\/\/www.qwant.com\/\" target=\"_blank\" rel=\"noopener\">Qwant<\/a>, <a href=\"https:\/\/duckduckgo.com\/\" target=\"_blank\" rel=\"noopener\">DuckDuckGo<\/a> o <a href=\"https:\/\/www.startpage.com\/\" target=\"_blank\" rel=\"noopener\">Startpage<\/a> destacan por no rastrear la actividad del usuario.<\/p>\n<p>A la hora de elegir el mejor buscador, hay muchos tests t\u00e9cnicos (uso de recursos del ordenador, velocidad a la hora de arrancar, velocidad de b\u00fasqueda, rendimiento gr\u00e1fico, etc.), pero otros aspectos pueden ser determinantes a la hora de hacer la elecci\u00f3n: privacidad de navegaci\u00f3n, imparcialidad en la muestra de resultados, cumplimiento de est\u00e1ndares, transversalidad entre plataformas y dispositivos, usabilidad de la interfaz, etc.<\/p>\n<p>Algunos navegadores incorporan un buscador por defecto (por ejemplo, Bing es el buscador de Microsoft Explorer o Edge), de forma que es frecuente que los dos t\u00e9rminos se confundan. La voluntad de las empresas es fidelizar a los usuarios, pero conviene conocer alternativas y no limitarse a usar un solo buscador. Desde la configuraci\u00f3n del navegador, podemos decidir cu\u00e1l ser\u00e1 nuestro buscador preferente.<\/p>\n","protected":false},"excerpt":{"rendered":"<p>Sin obviar la enorme complejidad tecnol\u00f3gica que hay tras la navegaci\u00f3n por la Red, las herramientas que necesitamos para hacer una b\u00fasqueda en la Red no son aparentemente muy exigentes: un dispositivo conectado a internet (ordenador personal, port\u00e1til, tableta, m\u00f3vil, etc.). La velocidad del procesador y de transferencia de datos de internet ser\u00e1n elementos importantes [&hellip;]<\/p>\n","protected":false},"author":1,"featured_media":0,"parent":0,"menu_order":0,"comment_status":"closed","ping_status":"closed","template":"","meta":[],"_links":{"self":[{"href":"http:\/\/cerca-informacio.recursos.uoc.edu\/es\/wp-json\/wp\/v2\/pages\/386"}],"collection":[{"href":"http:\/\/cerca-informacio.recursos.uoc.edu\/es\/wp-json\/wp\/v2\/pages"}],"about":[{"href":"http:\/\/cerca-informacio.recursos.uoc.edu\/es\/wp-json\/wp\/v2\/types\/page"}],"author":[{"embeddable":true,"href":"http:\/\/cerca-informacio.recursos.uoc.edu\/es\/wp-json\/wp\/v2\/users\/1"}],"replies":[{"embeddable":true,"href":"http:\/\/cerca-informacio.recursos.uoc.edu\/es\/wp-json\/wp\/v2\/comments?post=386"}],"version-history":[{"count":3,"href":"http:\/\/cerca-informacio.recursos.uoc.edu\/es\/wp-json\/wp\/v2\/pages\/386\/revisions"}],"predecessor-version":[{"id":486,"href":"http:\/\/cerca-informacio.recursos.uoc.edu\/es\/wp-json\/wp\/v2\/pages\/386\/revisions\/486"}],"wp:attachment":[{"href":"http:\/\/cerca-informacio.recursos.uoc.edu\/es\/wp-json\/wp\/v2\/media?parent=386"}],"curies":[{"name":"wp","href":"https:\/\/api.w.org\/{rel}","templated":true}]}}