{"id":388,"date":"2018-06-21T16:50:36","date_gmt":"2018-06-21T14:50:36","guid":{"rendered":"http:\/\/cerca-informacio.recursos.uoc.edu\/?page_id=388"},"modified":"2018-07-03T12:55:30","modified_gmt":"2018-07-03T10:55:30","slug":"1-7-1-buscadores","status":"publish","type":"page","link":"http:\/\/cerca-informacio.recursos.uoc.edu\/es\/1-7-1-buscadores\/","title":{"rendered":"1.7.1. Buscadores"},"content":{"rendered":"<p>Ahora mismo, habl\u00e1bamos de los <strong>motores de b\u00fasqueda<\/strong> o buscadores (Google, Bing, Yahoo!, etc.) como la herramienta m\u00e1s habitual para buscar y localizar informaci\u00f3n. Cuando escribimos una palabra para buscar, ponemos en marcha un proceso en el que centenares de millones de interacciones virtuales se activan para encontrar en d\u00e9cimas de segundo un resultado satisfactorio. Detr\u00e1s de esta tecnolog\u00eda, hay tres procesos:<\/p>\n<ol>\n<li>Peque\u00f1os programas inform\u00e1ticos (<em>bots<\/em>) hacen <strong>un rastreo<\/strong> (<em>crawling<\/em>) constante de las p\u00e1ginas web de la Red y siguen los enlaces que encuentran.<\/li>\n<li>Durante el rastreo, el motor <strong>indexa<\/strong>, codifica y ordena los archivos encontrados utilizando las palabras clave. De este modo, la investigaci\u00f3n se hace sobre material ordenado, lo que facilita enormemente la localizaci\u00f3n r\u00e1pida.<\/li>\n<li>Los algoritmos de los motores ordenan las p\u00e1ginas por su<strong> relevancia<\/strong> (que viene determinada por el n\u00famero de visitas, la fecha de publicaci\u00f3n, los enlaces de referencia externa, etc.), y muestran en lo alto de la lista de resultados las que considera que son m\u00e1s importantes. Los programadores de las p\u00e1ginas web procuran sobre todo que sus lugares est\u00e9n en las primeras posiciones, para tener m\u00e1s visibilidad y presencia. Esta interferencia (a menudo, a cambio de dinero) puede hacer que los primeros resultados no sean siempre los m\u00e1s pertinentes y los de m\u00e1s calidad. Ser\u00e1 necesario que no nos dejemos llevar solo por el orden de aparici\u00f3n, y que contrastemos la informaci\u00f3n con otros resultados.<\/li>\n<\/ol>\n","protected":false},"excerpt":{"rendered":"<p>Ahora mismo, habl\u00e1bamos de los motores de b\u00fasqueda o buscadores (Google, Bing, Yahoo!, etc.) como la herramienta m\u00e1s habitual para buscar y localizar informaci\u00f3n. Cuando escribimos una palabra para buscar, ponemos en marcha un proceso en el que centenares de millones de interacciones virtuales se activan para encontrar en d\u00e9cimas de segundo un resultado satisfactorio. [&hellip;]<\/p>\n","protected":false},"author":1,"featured_media":0,"parent":0,"menu_order":0,"comment_status":"closed","ping_status":"closed","template":"","meta":[],"_links":{"self":[{"href":"http:\/\/cerca-informacio.recursos.uoc.edu\/es\/wp-json\/wp\/v2\/pages\/388"}],"collection":[{"href":"http:\/\/cerca-informacio.recursos.uoc.edu\/es\/wp-json\/wp\/v2\/pages"}],"about":[{"href":"http:\/\/cerca-informacio.recursos.uoc.edu\/es\/wp-json\/wp\/v2\/types\/page"}],"author":[{"embeddable":true,"href":"http:\/\/cerca-informacio.recursos.uoc.edu\/es\/wp-json\/wp\/v2\/users\/1"}],"replies":[{"embeddable":true,"href":"http:\/\/cerca-informacio.recursos.uoc.edu\/es\/wp-json\/wp\/v2\/comments?post=388"}],"version-history":[{"count":2,"href":"http:\/\/cerca-informacio.recursos.uoc.edu\/es\/wp-json\/wp\/v2\/pages\/388\/revisions"}],"predecessor-version":[{"id":487,"href":"http:\/\/cerca-informacio.recursos.uoc.edu\/es\/wp-json\/wp\/v2\/pages\/388\/revisions\/487"}],"wp:attachment":[{"href":"http:\/\/cerca-informacio.recursos.uoc.edu\/es\/wp-json\/wp\/v2\/media?parent=388"}],"curies":[{"name":"wp","href":"https:\/\/api.w.org\/{rel}","templated":true}]}}