{"id":390,"date":"2018-06-21T16:52:01","date_gmt":"2018-06-21T14:52:01","guid":{"rendered":"http:\/\/cerca-informacio.recursos.uoc.edu\/?page_id=390"},"modified":"2020-02-25T11:38:59","modified_gmt":"2020-02-25T09:38:59","slug":"1-7-2-metabuscadores","status":"publish","type":"page","link":"http:\/\/cerca-informacio.recursos.uoc.edu\/es\/1-7-2-metabuscadores\/","title":{"rendered":"1.7.2. Metabuscadores"},"content":{"rendered":"<p>Los <strong>metabuscadores<\/strong> y los <strong>multibuscadores<\/strong> utilizan motores de b\u00fasqueda de varios servicios para presentar los resultados de una b\u00fasqueda. Tienen la ventaja de explorar m\u00e1s recursos que un buscador solo. Como contrapartida, no permiten investigaciones complejas ni el uso de operadores l\u00f3gicos. En general, est\u00e1n menos desarrollados que los motores de b\u00fasqueda principales, y esto los convierte en una alternativa con poco recorrido, sobre todo si queremos hacer b\u00fasquedas muy refinadas y espec\u00edficas. A menudo, se orientan al comercio electr\u00f3nico, como la popular web <a href=\"http:\/\/www.kayak.com\" target=\"_blank\" rel=\"noopener\">www.kayak.com<\/a>, que busca hoteles, vuelos y coches de alquiler en diferentes p\u00e1ginas de b\u00fasqueda.<\/p>\n<p>Los metabuscadores gen\u00e9ricos m\u00e1s populares son <a href=\"http:\/\/www.dogpile.com\" target=\"_blank\" rel=\"noopener\">Dogpile<\/a>, <a href=\"http:\/\/www.metasearch.com\" target=\"_blank\" rel=\"noopener\">Metasearch<\/a>, etc.<\/p>\n","protected":false},"excerpt":{"rendered":"<p>Los metabuscadores y los multibuscadores utilizan motores de b\u00fasqueda de varios servicios para presentar los resultados de una b\u00fasqueda. Tienen la ventaja de explorar m\u00e1s recursos que un buscador solo. Como contrapartida, no permiten investigaciones complejas ni el uso de operadores l\u00f3gicos. En general, est\u00e1n menos desarrollados que los motores de b\u00fasqueda principales, y esto [&hellip;]<\/p>\n","protected":false},"author":1,"featured_media":0,"parent":0,"menu_order":0,"comment_status":"closed","ping_status":"closed","template":"","meta":[],"_links":{"self":[{"href":"http:\/\/cerca-informacio.recursos.uoc.edu\/es\/wp-json\/wp\/v2\/pages\/390"}],"collection":[{"href":"http:\/\/cerca-informacio.recursos.uoc.edu\/es\/wp-json\/wp\/v2\/pages"}],"about":[{"href":"http:\/\/cerca-informacio.recursos.uoc.edu\/es\/wp-json\/wp\/v2\/types\/page"}],"author":[{"embeddable":true,"href":"http:\/\/cerca-informacio.recursos.uoc.edu\/es\/wp-json\/wp\/v2\/users\/1"}],"replies":[{"embeddable":true,"href":"http:\/\/cerca-informacio.recursos.uoc.edu\/es\/wp-json\/wp\/v2\/comments?post=390"}],"version-history":[{"count":2,"href":"http:\/\/cerca-informacio.recursos.uoc.edu\/es\/wp-json\/wp\/v2\/pages\/390\/revisions"}],"predecessor-version":[{"id":836,"href":"http:\/\/cerca-informacio.recursos.uoc.edu\/es\/wp-json\/wp\/v2\/pages\/390\/revisions\/836"}],"wp:attachment":[{"href":"http:\/\/cerca-informacio.recursos.uoc.edu\/es\/wp-json\/wp\/v2\/media?parent=390"}],"curies":[{"name":"wp","href":"https:\/\/api.w.org\/{rel}","templated":true}]}}