{"id":392,"date":"2018-06-21T16:53:45","date_gmt":"2018-06-21T14:53:45","guid":{"rendered":"http:\/\/cerca-informacio.recursos.uoc.edu\/?page_id=392"},"modified":"2019-12-10T12:14:38","modified_gmt":"2019-12-10T10:14:38","slug":"1-7-3-buscadores-especializados","status":"publish","type":"page","link":"http:\/\/cerca-informacio.recursos.uoc.edu\/es\/1-7-3-buscadores-especializados\/","title":{"rendered":"1.7.3. Buscadores especializados"},"content":{"rendered":"<p>Los <strong>buscadores especializados<\/strong> (denominados tambi\u00e9n <strong>verticales<\/strong>) permiten filtrar la b\u00fasqueda seg\u00fan unos criterios espec\u00edficos. Por ejemplo, <a href=\"http:\/\/scholar.google.es\/\" target=\"_blank\" rel=\"noopener\">Google Scholar<\/a> muestra resultados provenientes del mundo educativo y acad\u00e9mico (habitualmente, art\u00edculos y rese\u00f1as en PDF). Esto garantiza la calidad y la pertinencia de la informaci\u00f3n encontrada.<\/p>\n<figure style=\"width: 640px\" class=\"wp-caption aligncenter\"><img loading=\"lazy\" class=\"aligncenter size-full wp-image-134\" src=\"\/wp-content\/uploads\/2018\/06\/10502_014.jpg\" alt=\"\" width=\"640\" height=\"392\" srcset=\"\/wp-content\/uploads\/2018\/06\/10502_014.jpg 640w, \/wp-content\/uploads\/2018\/06\/10502_014-300x184.jpg 300w\" sizes=\"(max-width: 640px) 100vw, 640px\" \/><figcaption class=\"wp-caption-text\">Figura 14. Buscador especializado Google Acad\u00e9mico.<\/figcaption><\/figure>\n<p>La ventaja de los buscadores verticales es que ofrecen unos resultados \u00f3ptimos porque el usuario ha elegido previamente el \u00e1mbito tem\u00e1tico.<\/p>\n<div class=\"featured featured-grey\"><\/p>\n<p>Por ejemplo, en <a href=\"http:\/\/www.becas.com\/\" target=\"_blank\" rel=\"noopener\">http:\/\/www.becas.com\/<\/a> solo encontraremos convocatorias de ayudas institucionales, o <a href=\"https:\/\/www.imdb.com\/\" target=\"_blank\" rel=\"noopener\">IMDb<\/a> nos ser\u00e1 de gran utilidad para consultar resultados relacionados con productos cinematogr\u00e1ficos o televisivos. Del mismo modo, en <a href=\"https:\/\/www.buscabiografias.com\" target=\"_blank\" rel=\"noopener\">https:\/\/www.buscabiografias.com<\/a> encontrar\u00e9is biograf\u00edas de personajes famosos.<\/p>\n<p>\n<\/div>\n<div class=\"featured featured-blue\"><p>Es necesario, pues, saber elegir con acierto el buscador del \u00e1mbito tem\u00e1tico espec\u00edfico.<\/p>\n<\/div>\n","protected":false},"excerpt":{"rendered":"<p>Los buscadores especializados (denominados tambi\u00e9n verticales) permiten filtrar la b\u00fasqueda seg\u00fan unos criterios espec\u00edficos. Por ejemplo, Google Scholar muestra resultados provenientes del mundo educativo y acad\u00e9mico (habitualmente, art\u00edculos y rese\u00f1as en PDF). Esto garantiza la calidad y la pertinencia de la informaci\u00f3n encontrada. La ventaja de los buscadores verticales es que ofrecen unos resultados \u00f3ptimos [&hellip;]<\/p>\n","protected":false},"author":1,"featured_media":0,"parent":0,"menu_order":0,"comment_status":"closed","ping_status":"closed","template":"","meta":[],"_links":{"self":[{"href":"http:\/\/cerca-informacio.recursos.uoc.edu\/es\/wp-json\/wp\/v2\/pages\/392"}],"collection":[{"href":"http:\/\/cerca-informacio.recursos.uoc.edu\/es\/wp-json\/wp\/v2\/pages"}],"about":[{"href":"http:\/\/cerca-informacio.recursos.uoc.edu\/es\/wp-json\/wp\/v2\/types\/page"}],"author":[{"embeddable":true,"href":"http:\/\/cerca-informacio.recursos.uoc.edu\/es\/wp-json\/wp\/v2\/users\/1"}],"replies":[{"embeddable":true,"href":"http:\/\/cerca-informacio.recursos.uoc.edu\/es\/wp-json\/wp\/v2\/comments?post=392"}],"version-history":[{"count":3,"href":"http:\/\/cerca-informacio.recursos.uoc.edu\/es\/wp-json\/wp\/v2\/pages\/392\/revisions"}],"predecessor-version":[{"id":782,"href":"http:\/\/cerca-informacio.recursos.uoc.edu\/es\/wp-json\/wp\/v2\/pages\/392\/revisions\/782"}],"wp:attachment":[{"href":"http:\/\/cerca-informacio.recursos.uoc.edu\/es\/wp-json\/wp\/v2\/media?parent=392"}],"curies":[{"name":"wp","href":"https:\/\/api.w.org\/{rel}","templated":true}]}}