{"id":394,"date":"2018-06-21T16:55:07","date_gmt":"2018-06-21T14:55:07","guid":{"rendered":"http:\/\/cerca-informacio.recursos.uoc.edu\/?page_id=394"},"modified":"2018-07-30T09:34:59","modified_gmt":"2018-07-30T07:34:59","slug":"1-7-4-grupos-de-debate-y-listas-de-distribucion","status":"publish","type":"page","link":"http:\/\/cerca-informacio.recursos.uoc.edu\/es\/1-7-4-grupos-de-debate-y-listas-de-distribucion\/","title":{"rendered":"1.7.4. Grupos de debate y listas de distribuci\u00f3n"},"content":{"rendered":"<div class=\"featured featured-blue\"><p>Un <strong>grupo de debate<\/strong> es una comunidad virtual de usuarios interesados en un tema concreto.<\/p>\n<\/div>\n<p>En algunos casos, nos puede ser \u00fatil hacer una b\u00fasqueda en las aportaciones hechas por estas comunidades de expertos porque, si bien el n\u00famero de participantes no suele ser muy grande, tienen en su favor un amplio conocimiento especializado del tema que nos interesa.<\/p>\n<div class=\"featured featured-grey\"><\/p>\n<p>Por ejemplo, en webs como <a href=\"https:\/\/stackexchange.com\/\" target=\"_blank\" rel=\"noopener\">https:\/\/stackexchange.com\/<\/a> podemos encontrar y hacer preguntas y respuestas sobre temas muy variados. La calidad de la informaci\u00f3n depende de los usuarios que forman parte de los foros de discusi\u00f3n y, por lo tanto, algunas iniciativas se han ido desvirtuando en cuanto a calidad de resultados.<\/p>\n<p>\n<\/div>\n","protected":false},"excerpt":{"rendered":"<p>En algunos casos, nos puede ser \u00fatil hacer una b\u00fasqueda en las aportaciones hechas por estas comunidades de expertos porque, si bien el n\u00famero de participantes no suele ser muy grande, tienen en su favor un amplio conocimiento especializado del tema que nos interesa.<\/p>\n","protected":false},"author":1,"featured_media":0,"parent":0,"menu_order":0,"comment_status":"closed","ping_status":"closed","template":"","meta":[],"_links":{"self":[{"href":"http:\/\/cerca-informacio.recursos.uoc.edu\/es\/wp-json\/wp\/v2\/pages\/394"}],"collection":[{"href":"http:\/\/cerca-informacio.recursos.uoc.edu\/es\/wp-json\/wp\/v2\/pages"}],"about":[{"href":"http:\/\/cerca-informacio.recursos.uoc.edu\/es\/wp-json\/wp\/v2\/types\/page"}],"author":[{"embeddable":true,"href":"http:\/\/cerca-informacio.recursos.uoc.edu\/es\/wp-json\/wp\/v2\/users\/1"}],"replies":[{"embeddable":true,"href":"http:\/\/cerca-informacio.recursos.uoc.edu\/es\/wp-json\/wp\/v2\/comments?post=394"}],"version-history":[{"count":2,"href":"http:\/\/cerca-informacio.recursos.uoc.edu\/es\/wp-json\/wp\/v2\/pages\/394\/revisions"}],"predecessor-version":[{"id":508,"href":"http:\/\/cerca-informacio.recursos.uoc.edu\/es\/wp-json\/wp\/v2\/pages\/394\/revisions\/508"}],"wp:attachment":[{"href":"http:\/\/cerca-informacio.recursos.uoc.edu\/es\/wp-json\/wp\/v2\/media?parent=394"}],"curies":[{"name":"wp","href":"https:\/\/api.w.org\/{rel}","templated":true}]}}