{"id":396,"date":"2018-06-21T16:57:06","date_gmt":"2018-06-21T14:57:06","guid":{"rendered":"http:\/\/cerca-informacio.recursos.uoc.edu\/?page_id=396"},"modified":"2019-12-27T12:18:57","modified_gmt":"2019-12-27T10:18:57","slug":"1-7-5-las-bases-de-datos","status":"publish","type":"page","link":"http:\/\/cerca-informacio.recursos.uoc.edu\/es\/1-7-5-las-bases-de-datos\/","title":{"rendered":"1.7.5. Las bases de datos"},"content":{"rendered":"<p>Las <strong>bases de datos<\/strong> y los <strong>cat\u00e1logos de datos<\/strong> son una excelente fuente de informaci\u00f3n porque la entidad que los gestiona suele tener garant\u00eda de calidad y rigor acad\u00e9mico. Para hacer una b\u00fasqueda en una base de datos, hay que tener en cuenta que la informaci\u00f3n se encuentra segmentada en varios campos (que acostumbran a ser los mismos en toda la base), y que podemos filtrar la b\u00fasqueda a trav\u00e9s de estos.<\/p>\n<p>Algunas bases de datos especializadas son <a href=\"https:\/\/traces.uab.cat\/\" target=\"_blank\" rel=\"noopener\">Traces<\/a> (literatura catalana), <a href=\"https:\/\/www.ncbi.nlm.nih.gov\/pubmed\" target=\"_blank\" rel=\"noopener\">PubMed<\/a> (medicina), <a href=\"http:\/\/www.aranzadidigital.es\/\" target=\"_blank\" rel=\"noopener\">Aranzadi<\/a> (jurisprudencia), <a href=\"https:\/\/worldwidescience.org\/\" target=\"_blank\" rel=\"noopener\">WorldWide Science<\/a> (ciencia), <a href=\"https:\/\/dialnet.unirioja.es\/\" target=\"_blank\" rel=\"noopener\">Dialnet<\/a> (recursos acad\u00e9micos), <a href=\"https:\/\/www.academia.edu\/\" target=\"_blank\" rel=\"noopener\">Academia<\/a> (recursos acad\u00e9micos), etc. La mayor\u00eda de estas bases de datos piden que los usuarios est\u00e9n registrados, y muchas de ellas son de pago.<\/p>\n<p>La Biblioteca de la UOC da acceso a plataformas y bases de datos de los principales editores a las que est\u00e1 suscrita, y que permiten la consulta de art\u00edculos, revistas, ediciones preliminares, actas de congresos, etc.<\/p>\n<p>El enlace a estas bases de datos de recursos electr\u00f3nicos es: <a href=\"http:\/\/biblioteca.uoc.edu\/es\/recursos\/recursos-electronicos\" target=\"_blank\" rel=\"noopener\">http:\/\/biblioteca.uoc.edu\/es\/recursos\/recursos-electronicos<\/a>, y permite acceder a un amplio repertorio de bases de datos donde buscar.<\/p>\n<figure style=\"width: 640px\" class=\"wp-caption aligncenter\"><img loading=\"lazy\" class=\"aligncenter size-full wp-image-136\" src=\"\/wp-content\/uploads\/2018\/06\/10502_015.jpg\" alt=\"\" width=\"640\" height=\"526\" srcset=\"\/wp-content\/uploads\/2018\/06\/10502_015.jpg 640w, \/wp-content\/uploads\/2018\/06\/10502_015-300x247.jpg 300w\" sizes=\"(max-width: 640px) 100vw, 640px\" \/><figcaption class=\"wp-caption-text\">Figura 15. Biblioteca de la UOC &#8211; recursos electr\u00f3nicos.<\/figcaption><\/figure>\n","protected":false},"excerpt":{"rendered":"<p>Las bases de datos y los cat\u00e1logos de datos son una excelente fuente de informaci\u00f3n porque la entidad que los gestiona suele tener garant\u00eda de calidad y rigor acad\u00e9mico. Para hacer una b\u00fasqueda en una base de datos, hay que tener en cuenta que la informaci\u00f3n se encuentra segmentada en varios campos (que acostumbran a [&hellip;]<\/p>\n","protected":false},"author":1,"featured_media":0,"parent":0,"menu_order":0,"comment_status":"closed","ping_status":"closed","template":"","meta":[],"_links":{"self":[{"href":"http:\/\/cerca-informacio.recursos.uoc.edu\/es\/wp-json\/wp\/v2\/pages\/396"}],"collection":[{"href":"http:\/\/cerca-informacio.recursos.uoc.edu\/es\/wp-json\/wp\/v2\/pages"}],"about":[{"href":"http:\/\/cerca-informacio.recursos.uoc.edu\/es\/wp-json\/wp\/v2\/types\/page"}],"author":[{"embeddable":true,"href":"http:\/\/cerca-informacio.recursos.uoc.edu\/es\/wp-json\/wp\/v2\/users\/1"}],"replies":[{"embeddable":true,"href":"http:\/\/cerca-informacio.recursos.uoc.edu\/es\/wp-json\/wp\/v2\/comments?post=396"}],"version-history":[{"count":2,"href":"http:\/\/cerca-informacio.recursos.uoc.edu\/es\/wp-json\/wp\/v2\/pages\/396\/revisions"}],"predecessor-version":[{"id":802,"href":"http:\/\/cerca-informacio.recursos.uoc.edu\/es\/wp-json\/wp\/v2\/pages\/396\/revisions\/802"}],"wp:attachment":[{"href":"http:\/\/cerca-informacio.recursos.uoc.edu\/es\/wp-json\/wp\/v2\/media?parent=396"}],"curies":[{"name":"wp","href":"https:\/\/api.w.org\/{rel}","templated":true}]}}