{"id":398,"date":"2018-06-21T16:59:14","date_gmt":"2018-06-21T14:59:14","guid":{"rendered":"http:\/\/cerca-informacio.recursos.uoc.edu\/?page_id=398"},"modified":"2020-02-25T11:39:37","modified_gmt":"2020-02-25T09:39:37","slug":"1-7-6-bibliotecas-virtuales-y-la-biblioteca-de-la-uoc","status":"publish","type":"page","link":"http:\/\/cerca-informacio.recursos.uoc.edu\/es\/1-7-6-bibliotecas-virtuales-y-la-biblioteca-de-la-uoc\/","title":{"rendered":"1.7.6. Bibliotecas virtuales y la Biblioteca de la UOC"},"content":{"rendered":"<p>Hasta el estallido de la revoluci\u00f3n digital, las bibliotecas hab\u00edan sido siempre el referente casi exclusivo en la b\u00fasqueda y localizaci\u00f3n de informaci\u00f3n. Con la adopci\u00f3n de las tecnolog\u00edas de la era digital, muchas bibliotecas ofrecen un servicio virtual que posibilita acceder a su cat\u00e1logo (y a menudo, a sus recursos) a distancia.<\/p>\n<p>Algunos de los nombres que hay que tener presentes son: <a href=\"https:\/\/www.wdl.org\/es\/\" target=\"_blank\" rel=\"noopener\">Biblioteca Digital Mundial<\/a>, <a href=\"https:\/\/www.europeana.eu\/portal\/es\" target=\"_blank\" rel=\"noopener\">Eurpoeana collections<\/a>, <a href=\"http:\/\/bdh.bne.es\" target=\"_blank\" rel=\"noopener\">Biblioteca Digital Hisp\u00e1nica<\/a>, <a href=\"https:\/\/www.thefreelibrary.com\/\" target=\"_blank\" rel=\"noopener\">The free library<\/a>, etc. Algunos de estos portales tienen el acceso restringido a miembros, otros permiten acceder gratuitamente a determinados recursos. Muchas instituciones acad\u00e9micas permiten a sus miembros acceder a la biblioteca propia o tienen convenios con otros organismos que les facilitan sus servicios.<\/p>\n<p>Los miembros de la comunidad educativa de la UOC tenemos acceso a la <a href=\"http:\/\/biblioteca.uoc.edu\/\" target=\"_blank\" rel=\"noopener\">Biblioteca Virtual<\/a>, con un amplio equipo de expertos que vela por la calidad del aprendizaje y la investigaci\u00f3n, y que permite que estudiantes y docentes puedan consultar materiales en l\u00ednea. Tambi\u00e9n ofrece un servicio de pr\u00e9stamo f\u00edsico que se gestiona a distancia.<\/p>\n<p>Las herramientas y servicios que ofrece la Biblioteca son un elemento muy interesante, y permiten encontrar y localizar informaci\u00f3n relevante y de calidad.<\/p>\n<p>El v\u00eddeo siguiente presenta algunas de las caracter\u00edsticas de la Biblioteca de la UOC:<\/p>\n<figure id=\"attachment_138\" aria-describedby=\"caption-attachment-138\" style=\"width: 640px\" class=\"wp-caption aligncenter\"><a href=\"https:\/\/www.youtube.com\/watch?time_continue=23&amp;v=ZAhXPnf1kJw\" target=\"_blank\" rel=\"noopener\"><img loading=\"lazy\" class=\"wp-image-138 size-full\" src=\"\/wp-content\/uploads\/2018\/06\/10502_016.jpg\" alt=\"\" width=\"640\" height=\"435\" srcset=\"\/wp-content\/uploads\/2018\/06\/10502_016.jpg 640w, \/wp-content\/uploads\/2018\/06\/10502_016-300x204.jpg 300w\" sizes=\"(max-width: 640px) 100vw, 640px\" \/><\/a><figcaption id=\"caption-attachment-138\" class=\"wp-caption-text\">Figura 16. Biblioteca de la UOC.<\/figcaption><\/figure>\n","protected":false},"excerpt":{"rendered":"<p>Hasta el estallido de la revoluci\u00f3n digital, las bibliotecas hab\u00edan sido siempre el referente casi exclusivo en la b\u00fasqueda y localizaci\u00f3n de informaci\u00f3n. Con la adopci\u00f3n de las tecnolog\u00edas de la era digital, muchas bibliotecas ofrecen un servicio virtual que posibilita acceder a su cat\u00e1logo (y a menudo, a sus recursos) a distancia. Algunos de [&hellip;]<\/p>\n","protected":false},"author":1,"featured_media":0,"parent":0,"menu_order":0,"comment_status":"closed","ping_status":"closed","template":"","meta":[],"_links":{"self":[{"href":"http:\/\/cerca-informacio.recursos.uoc.edu\/es\/wp-json\/wp\/v2\/pages\/398"}],"collection":[{"href":"http:\/\/cerca-informacio.recursos.uoc.edu\/es\/wp-json\/wp\/v2\/pages"}],"about":[{"href":"http:\/\/cerca-informacio.recursos.uoc.edu\/es\/wp-json\/wp\/v2\/types\/page"}],"author":[{"embeddable":true,"href":"http:\/\/cerca-informacio.recursos.uoc.edu\/es\/wp-json\/wp\/v2\/users\/1"}],"replies":[{"embeddable":true,"href":"http:\/\/cerca-informacio.recursos.uoc.edu\/es\/wp-json\/wp\/v2\/comments?post=398"}],"version-history":[{"count":3,"href":"http:\/\/cerca-informacio.recursos.uoc.edu\/es\/wp-json\/wp\/v2\/pages\/398\/revisions"}],"predecessor-version":[{"id":837,"href":"http:\/\/cerca-informacio.recursos.uoc.edu\/es\/wp-json\/wp\/v2\/pages\/398\/revisions\/837"}],"wp:attachment":[{"href":"http:\/\/cerca-informacio.recursos.uoc.edu\/es\/wp-json\/wp\/v2\/media?parent=398"}],"curies":[{"name":"wp","href":"https:\/\/api.w.org\/{rel}","templated":true}]}}