{"id":400,"date":"2018-06-21T17:00:13","date_gmt":"2018-06-21T15:00:13","guid":{"rendered":"http:\/\/cerca-informacio.recursos.uoc.edu\/?page_id=400"},"modified":"2018-06-21T17:00:13","modified_gmt":"2018-06-21T15:00:13","slug":"1-7-7-redes-sociales","status":"publish","type":"page","link":"http:\/\/cerca-informacio.recursos.uoc.edu\/es\/1-7-7-redes-sociales\/","title":{"rendered":"1.7.7. Redes sociales"},"content":{"rendered":"<p>Las <strong>redes sociales<\/strong> pueden ser una gran fuente de informaci\u00f3n, sobre todo si buscamos informaci\u00f3n actual. En <a href=\"https:\/\/twitter.com\/?lang=en\" target=\"_blank\" rel=\"noopener\">Twitter<\/a>, por ejemplo, los usuarios comparten contenido sobre temas que est\u00e1n sucediendo, en vez de centrar su uso en informaciones personales y\/o emocionales.<\/p>\n<p>Por lo tanto, en la red <em>de microblogging<\/em> se puede encontrar informaci\u00f3n muy actualizada, contrastada por diferentes medios e incluso, comentada por distintas personas, casi de forma inmediata.<\/p>\n<p>El buscador de Twitter permite buscar informaci\u00f3n a trav\u00e9s de los <em>hashtags<\/em> o etiquetas que engloban toda la informaci\u00f3n de la Red en referencia a un tema, por ejemplo #tr\u00e1mitesUOC o #inmigrantes.<\/p>\n<p><a href=\"https:\/\/www.instagram.com\/?hl=en\" target=\"_blank\" rel=\"noopener\">Instagram<\/a>, una red social de fotograf\u00edas, tambi\u00e9n permite hacer b\u00fasquedas por etiquetas, de modo que se trata de un espacio muy efectivo y c\u00f3modo si buscamos im\u00e1genes sobre un determinado tema o lugar.<\/p>\n<p>&nbsp;<\/p>\n","protected":false},"excerpt":{"rendered":"<p>Las redes sociales pueden ser una gran fuente de informaci\u00f3n, sobre todo si buscamos informaci\u00f3n actual. En Twitter, por ejemplo, los usuarios comparten contenido sobre temas que est\u00e1n sucediendo, en vez de centrar su uso en informaciones personales y\/o emocionales. Por lo tanto, en la red de microblogging se puede encontrar informaci\u00f3n muy actualizada, contrastada [&hellip;]<\/p>\n","protected":false},"author":1,"featured_media":0,"parent":0,"menu_order":0,"comment_status":"closed","ping_status":"closed","template":"","meta":[],"_links":{"self":[{"href":"http:\/\/cerca-informacio.recursos.uoc.edu\/es\/wp-json\/wp\/v2\/pages\/400"}],"collection":[{"href":"http:\/\/cerca-informacio.recursos.uoc.edu\/es\/wp-json\/wp\/v2\/pages"}],"about":[{"href":"http:\/\/cerca-informacio.recursos.uoc.edu\/es\/wp-json\/wp\/v2\/types\/page"}],"author":[{"embeddable":true,"href":"http:\/\/cerca-informacio.recursos.uoc.edu\/es\/wp-json\/wp\/v2\/users\/1"}],"replies":[{"embeddable":true,"href":"http:\/\/cerca-informacio.recursos.uoc.edu\/es\/wp-json\/wp\/v2\/comments?post=400"}],"version-history":[{"count":1,"href":"http:\/\/cerca-informacio.recursos.uoc.edu\/es\/wp-json\/wp\/v2\/pages\/400\/revisions"}],"predecessor-version":[{"id":401,"href":"http:\/\/cerca-informacio.recursos.uoc.edu\/es\/wp-json\/wp\/v2\/pages\/400\/revisions\/401"}],"wp:attachment":[{"href":"http:\/\/cerca-informacio.recursos.uoc.edu\/es\/wp-json\/wp\/v2\/media?parent=400"}],"curies":[{"name":"wp","href":"https:\/\/api.w.org\/{rel}","templated":true}]}}