{"id":402,"date":"2018-06-21T17:14:41","date_gmt":"2018-06-21T15:14:41","guid":{"rendered":"http:\/\/cerca-informacio.recursos.uoc.edu\/?page_id=402"},"modified":"2020-02-25T11:24:49","modified_gmt":"2020-02-25T09:24:49","slug":"2-1-1-introduccion","status":"publish","type":"page","link":"http:\/\/cerca-informacio.recursos.uoc.edu\/es\/2-1-1-introduccion\/","title":{"rendered":"2.1.1. Introducci\u00f3n"},"content":{"rendered":"<p>Teniendo en cuenta la cantidad de resultados obtenidos en el buscador, es imprescindible establecer unos <strong>criterios de selecci\u00f3n<\/strong>. \u00bfCon qu\u00e9 informaci\u00f3n me quedo? \u00bfCu\u00e1l me es m\u00e1s \u00fatil para resolver mis dudas?<\/p>\n<div class=\"featured featured-blue\"><p>Es tan importante planificar la b\u00fasqueda como definir qu\u00e9 par\u00e1metros utilizaremos para seleccionar la informaci\u00f3n obtenida y evitar navegar entre resultados sin rumbo fijo. Los resultados siempre tienen que ser verificados por el usuario y contrastados con diferentes fuentes y p\u00e1ginas. Muchas veces, la primera opci\u00f3n no es la m\u00e1s adecuada.<\/p>\n<\/div>\n<p>Tal y como se define en el recurso <a href=\"javascript:void(0);\" class=\"tooltip\" data-toggle=\"popover\" data-placement=\"bottom\" data-content=\"J. Ros. \u00abComposici\u00f3n y redacci\u00f3n de la informaci\u00f3n digital\u00bb (p\u00e1gs. 6-7). Barcelona: UOC.\" data-placement=\"top\" data-html=\"true\" >Composici\u00f3n y redacci\u00f3n de la informaci\u00f3n digital<\/a>, primero hay que seguir un criterio de validez, es decir, valorar si la fuente se ajusta a los objetivos de la b\u00fasqueda, descartando aquellas fuentes no v\u00e1lidas para entrar en el proceso de selecci\u00f3n.<\/p>\n<p>Con aquellas fuentes v\u00e1lidas, haremos una selecci\u00f3n para priorizar la informaci\u00f3n m\u00e1s pertinente para los lograr los objetivos marcados.<\/p>\n<p>Los contenidos que circulan por los diferentes canales de internet no est\u00e1n sometidos a ning\u00fan tipo de f\u00f3rmula centralizada de control de calidad que supervise su credibilidad. Esto obliga al usuario a analizar de manera muy cuidadosa las fuentes de informaci\u00f3n que utiliza, con el objetivo de asegurarse de que los datos y documentos localizados y obtenidos presentan garant\u00edas m\u00ednimas de fiabilidad.<\/p>\n<div class=\"featured featured-blue\"><p>Un proceso de b\u00fasqueda no se puede dar por efectivamente llevado a cabo y finalizado con \u00e9xito si la informaci\u00f3n localizada no ofrece certezas razonables sobre su credibilidad.<\/p>\n<\/div>\n<p>Certezas que solo podemos adquirir aplicando con rigor varios criterios y estrategias de verificaci\u00f3n que avalen determinados resultados y nos permitan descartar los focos poco fiables de datos y valoraciones.<\/p>\n<p>A continuaci\u00f3n, se enumeran algunos indicadores a tener en cuenta para poder seleccionar informaci\u00f3n de manera veraz y adecuada a nuestros objetivos de b\u00fasqueda. Hay que remarcar que estos indicadores son una muestra de las herramientas que tenemos para analizar la fiabilidad y credibilidad de la informaci\u00f3n.<\/p>\n","protected":false},"excerpt":{"rendered":"<p>Teniendo en cuenta la cantidad de resultados obtenidos en el buscador, es imprescindible establecer unos criterios de selecci\u00f3n. \u00bfCon qu\u00e9 informaci\u00f3n me quedo? \u00bfCu\u00e1l me es m\u00e1s \u00fatil para resolver mis dudas? Tal y como se define en el recurso , primero hay que seguir un criterio de validez, es decir, valorar si la fuente [&hellip;]<\/p>\n","protected":false},"author":1,"featured_media":0,"parent":0,"menu_order":0,"comment_status":"closed","ping_status":"closed","template":"","meta":[],"_links":{"self":[{"href":"http:\/\/cerca-informacio.recursos.uoc.edu\/es\/wp-json\/wp\/v2\/pages\/402"}],"collection":[{"href":"http:\/\/cerca-informacio.recursos.uoc.edu\/es\/wp-json\/wp\/v2\/pages"}],"about":[{"href":"http:\/\/cerca-informacio.recursos.uoc.edu\/es\/wp-json\/wp\/v2\/types\/page"}],"author":[{"embeddable":true,"href":"http:\/\/cerca-informacio.recursos.uoc.edu\/es\/wp-json\/wp\/v2\/users\/1"}],"replies":[{"embeddable":true,"href":"http:\/\/cerca-informacio.recursos.uoc.edu\/es\/wp-json\/wp\/v2\/comments?post=402"}],"version-history":[{"count":6,"href":"http:\/\/cerca-informacio.recursos.uoc.edu\/es\/wp-json\/wp\/v2\/pages\/402\/revisions"}],"predecessor-version":[{"id":835,"href":"http:\/\/cerca-informacio.recursos.uoc.edu\/es\/wp-json\/wp\/v2\/pages\/402\/revisions\/835"}],"wp:attachment":[{"href":"http:\/\/cerca-informacio.recursos.uoc.edu\/es\/wp-json\/wp\/v2\/media?parent=402"}],"curies":[{"name":"wp","href":"https:\/\/api.w.org\/{rel}","templated":true}]}}