{"id":404,"date":"2018-06-21T17:21:29","date_gmt":"2018-06-21T15:21:29","guid":{"rendered":"http:\/\/cerca-informacio.recursos.uoc.edu\/?page_id=404"},"modified":"2019-12-27T12:23:53","modified_gmt":"2019-12-27T10:23:53","slug":"2-1-2-procedencia-fuente-autoria-certificaciones-reconocidas","status":"publish","type":"page","link":"http:\/\/cerca-informacio.recursos.uoc.edu\/es\/2-1-2-procedencia-fuente-autoria-certificaciones-reconocidas\/","title":{"rendered":"2.1.2. Procedencia fuente &#8211; Autor\u00eda &#8211; Certificaciones reconocidas"},"content":{"rendered":"<h3>La autor\u00eda<\/h3>\n<div class=\"featured featured-blue\"><p>Un autor identificado, ya sea individual o colectivo, proporciona m\u00e1s fiabilidad que una fuente informativa an\u00f3nima.<\/p>\n<\/div>\n<p>Sobre todo si, adem\u00e1s de identificarse, el responsable de los contenidos en cuesti\u00f3n presenta acreditaciones de car\u00e1cter profesional y elementos de contacto, como una direcci\u00f3n de correo electr\u00f3nico.<\/p>\n<p>Se trata de un criterio especialmente relevante en el caso de blogs e iniciativas de publicaci\u00f3n personal de informaci\u00f3n en la Red.<\/p>\n<p>Adem\u00e1s, en muchas ocasiones, la biograf\u00eda del autor\/a del sitio web se complementa con enlaces a sus perfiles en otras redes sociales, en los que podemos hacer un seguimiento y comprobar su reputaci\u00f3n digital en diferentes espacios digitales.<\/p>\n<figure style=\"width: 640px\" class=\"wp-caption aligncenter\"><img loading=\"lazy\" class=\"aligncenter size-full wp-image-140\" src=\"\/wp-content\/uploads\/2018\/06\/10502_017.jpg\" alt=\"\" width=\"640\" height=\"686\" srcset=\"\/wp-content\/uploads\/2018\/06\/10502_017.jpg 640w, \/wp-content\/uploads\/2018\/06\/10502_017-280x300.jpg 280w\" sizes=\"(max-width: 640px) 100vw, 640px\" \/><figcaption class=\"wp-caption-text\">Figura 17. Ejemplo de biograf\u00eda completa con datos de contacto incluidos.<\/figcaption><\/figure>\n<figure style=\"width: 640px\" class=\"wp-caption aligncenter\"><img loading=\"lazy\" class=\"aligncenter size-full wp-image-142\" src=\"\/wp-content\/uploads\/2018\/06\/10502_018.jpg\" alt=\"\" width=\"640\" height=\"322\" srcset=\"\/wp-content\/uploads\/2018\/06\/10502_018.jpg 640w, \/wp-content\/uploads\/2018\/06\/10502_018-300x151.jpg 300w\" sizes=\"(max-width: 640px) 100vw, 640px\" \/><figcaption class=\"wp-caption-text\">Figura 18. Ejemplo de biograf\u00eda semicompleta con perfiles a otras redes sociales.<\/figcaption><\/figure>\n<figure style=\"width: 450px\" class=\"wp-caption aligncenter\"><img loading=\"lazy\" class=\"aligncenter size-full wp-image-144\" src=\"\/wp-content\/uploads\/2018\/06\/10502_019.jpg\" alt=\"\" width=\"450\" height=\"160\" srcset=\"\/wp-content\/uploads\/2018\/06\/10502_019.jpg 450w, \/wp-content\/uploads\/2018\/06\/10502_019-300x107.jpg 300w\" sizes=\"(max-width: 450px) 100vw, 450px\" \/><figcaption class=\"wp-caption-text\">Figura 19. Ejemplo de biograf\u00eda simple. Se desconocen los estudios o profesi\u00f3n del autor.<\/figcaption><\/figure>\n<h3>Filiaci\u00f3n y autoridad<\/h3>\n<div class=\"featured featured-blue\"><p>M\u00e1s all\u00e1 de la autor\u00eda personal, la credibilidad de cualquier p\u00e1gina web pasa por la menci\u00f3n expl\u00edcita y clara del organismo, instituci\u00f3n o empresa de la que depende.<\/p>\n<\/div>\n<p>La referencia a la entidad que suministra los contenidos o el apoyo econ\u00f3mico de la publicaci\u00f3n nos permitir\u00e1 no solo evaluar su fiabilidad, sino tambi\u00e9n el grado de autoridad de la fuente de informaci\u00f3n en su \u00e1mbito de actuaci\u00f3n o conocimiento. En este caso, tambi\u00e9n a\u00f1ade elementos de confianza la presentaci\u00f3n de elementos de contacto electr\u00f3nico, telef\u00f3nico o postal.<\/p>\n<figure style=\"width: 640px\" class=\"wp-caption aligncenter\"><img loading=\"lazy\" class=\"aligncenter size-full wp-image-146\" src=\"\/wp-content\/uploads\/2018\/06\/10502_020.jpg\" alt=\"\" width=\"640\" height=\"267\" srcset=\"\/wp-content\/uploads\/2018\/06\/10502_020.jpg 640w, \/wp-content\/uploads\/2018\/06\/10502_020-300x125.jpg 300w\" sizes=\"(max-width: 640px) 100vw, 640px\" \/><figcaption class=\"wp-caption-text\">Figura 20. Ejemplo de blog en el que se menciona a qu\u00e9 instituci\u00f3n pertenece.<\/figcaption><\/figure>\n<figure style=\"width: 640px\" class=\"wp-caption aligncenter\"><img loading=\"lazy\" class=\"aligncenter size-full wp-image-148\" src=\"\/wp-content\/uploads\/2018\/06\/10502_021.jpg\" alt=\"\" width=\"640\" height=\"94\" srcset=\"\/wp-content\/uploads\/2018\/06\/10502_021.jpg 640w, \/wp-content\/uploads\/2018\/06\/10502_021-300x44.jpg 300w\" sizes=\"(max-width: 640px) 100vw, 640px\" \/><figcaption class=\"wp-caption-text\">Figura 21. Ejemplo de filiaci\u00f3n a un grupo empresarial en el que se muestra el grado de autoridad (volumen de empresas que conforman la corporaci\u00f3n) en su \u00e1mbito de actuaci\u00f3n (medios de comunicaci\u00f3n).<\/figcaption><\/figure>\n<h3><strong>Certificaciones reconocidas<\/strong><\/h3>\n<p>A pesar de que no hay una \u00fanica autoridad que acredite de forma universal la calidad y credibilidad de los contenidos que circulan por internet, diferentes agencias y entidades han creado est\u00e1ndares de an\u00e1lisis y valoraci\u00f3n de p\u00e1ginas web, la mayor\u00eda de ellos centrados en criterios sobre accesibilidad, legalidad, autocontrol y defensa de los consumidores y usuarios.<\/p>\n<p>Estas entidades tienen \u00e1mbitos bastante heterog\u00e9neos y fragmentados de estudio y actuaci\u00f3n, y suelen asignar a las p\u00e1ginas que se someten voluntariamente a sus controles determinados sellos de calidad en reconocimiento de los requisitos que cumplen.<\/p>\n<div class=\"featured featured-blue\"><p>A pesar de que ning\u00fan sello de calidad garantiza, actualmente, la credibilidad de los contenidos de una determinada p\u00e1gina web, el hecho de que un lugar determinado presente una acreditaci\u00f3n u otra a\u00f1ade un cierto grado de fiabilidad, asociado al menos a la voluntad de los responsables de la p\u00e1gina de someterla a determinados controles externos.<\/p>\n<\/div>\n<p>Los principales sellos de calidad y control que podemos encontrar en p\u00e1ginas web son:<\/p>\n<table>\n<tbody>\n<tr>\n<th scope=\"col\" width=\"20%\"><strong>Nombre<\/strong><\/th>\n<th scope=\"col\" width=\"15%\"><strong>Icono<\/strong><\/th>\n<th scope=\"col\" width=\"65%\"><strong>Descripci\u00f3n<\/strong><\/th>\n<\/tr>\n<tr>\n<td><a href=\"https:\/\/www.icann.org\/\" target=\"_blank\" rel=\"noopener\">ICANN<\/a><\/td>\n<td><img loading=\"lazy\" class=\"aligncenter size-full wp-image-197\" src=\"\/wp-content\/uploads\/2018\/06\/10502_022.jpg\" alt=\"\" width=\"135\" height=\"96\" \/><\/td>\n<td><strong>ICANN (Internet Corporation for Assigned Names and Numbers).<\/strong> Entidad que regula la asignaci\u00f3n de dominios en internet. Su sello de calidad est\u00e1 orientado en gran medida a la certificaci\u00f3n de iniciativas relacionadas con el comercio electr\u00f3nico, y es gestionado a trav\u00e9s de la empresa <a href=\"https:\/\/www.verisign.com\" target=\"_blank\" rel=\"noopener\">Verisign<\/a>.<img loading=\"lazy\" class=\"aligncenter size-full wp-image-199\" src=\"\/wp-content\/uploads\/2018\/06\/10502_023.jpg\" alt=\"\" width=\"135\" height=\"96\" \/><\/p>\n<p>Tal y como se define en su p\u00e1gina web, la ICANN es una corporaci\u00f3n de beneficio p\u00fablico, sin \u00e1nimo de lucro, con participantes de todo el mundo dedicados a mantener un internet seguro, estable e interoperable.<\/td>\n<\/tr>\n<tr>\n<td><a href=\"http:\/\/www.iqua.es\/\" target=\"_blank\" rel=\"noopener\">IQUA<\/a><\/td>\n<td><img loading=\"lazy\" class=\"aligncenter size-full wp-image-201\" src=\"\/wp-content\/uploads\/2018\/06\/10502_024.jpg\" alt=\"\" width=\"135\" height=\"96\" \/><\/td>\n<td><strong>IQUA (Agencia de Calidad de Internet).<\/strong> Su sello verifica par\u00e1metros sobre accesibilidad, usabilidad, seguridad, legalidad y protecci\u00f3n de los menores. Disponen de un c\u00f3digo deontol\u00f3gico para garantizar los derechos de los ciudadanos, y sus principios generales incluyen, entre otros: honestidad, protecci\u00f3n de la dignidad humana, confidencialidad y protecci\u00f3n del orden p\u00fablico. Est\u00e1 avalada por instituciones p\u00fablicas como los consejos del Audiovisual de Catalu\u00f1a, Navarra y Andorra, y el organismo Red.es, dependiente del Gobierno espa\u00f1ol.<\/p>\n<p><span style=\"font-family: inherit; font-size: inherit;\">IQUA ha puesto en marcha un servicio de atenci\u00f3n al usuario, e-ODU (Oficina de Defensa del Usuario), enfocada a atender quejas y consultas sobre p\u00e1ginas web.<\/span><\/td>\n<\/tr>\n<tr>\n<td><a href=\"https:\/\/www.w3c.es\/\" target=\"_blank\" rel=\"noopener\">W3C<\/a><\/td>\n<td><img loading=\"lazy\" class=\"aligncenter size-full wp-image-203\" src=\"\/wp-content\/uploads\/2018\/06\/10502_025.jpg\" alt=\"\" width=\"135\" height=\"96\" \/><\/td>\n<td><strong>El consorcio W3C<\/strong> o World Wide Web, formado por m\u00e1s de 400 asociaciones, emite su certificaci\u00f3n de calidad internacional, centrada sobre todo en criterios de accesibilidad.<\/p>\n<p>Los principios de este son una <strong>Web para todo el mundo<\/strong>, accesible desde cualquier lugar del mundo, y una <strong>Web desde cualquier dispositivo<\/strong>, puesto que la cantidad de dispositivos para acceder a las p\u00e1ginas web ha crecido exponencialmente en los \u00faltimos a\u00f1os.<\/td>\n<\/tr>\n<tr>\n<td><a href=\"https:\/\/www.confianzaonline.es\/\" target=\"_blank\" rel=\"noopener\">Confianza Online<\/a><\/td>\n<td><img loading=\"lazy\" class=\"aligncenter size-full wp-image-205\" src=\"\/wp-content\/uploads\/2018\/06\/10502_026.jpg\" alt=\"\" width=\"135\" height=\"96\" \/><\/td>\n<td><strong>Confianza Online<\/strong> es una asociaci\u00f3n creada en el 2003 que emite un sello para p\u00e1ginas web despu\u00e9s de analizar su funcionamiento. El sello muestra el compromiso \u00e9tico de las entidades o empresas que lo obtienen para promover las buenas pr\u00e1cticas en internet y en el comercio electr\u00f3nico.<\/td>\n<\/tr>\n<tr>\n<td><a href=\"http:\/\/www.aui.es\/index.php\" target=\"_blank\" rel=\"noopener\">AUI<\/a><\/td>\n<td><img loading=\"lazy\" class=\"aligncenter size-full wp-image-207\" src=\"\/wp-content\/uploads\/2018\/06\/10502_027.jpg\" alt=\"\" width=\"135\" height=\"96\" \/><\/td>\n<td><strong>Asociaci\u00f3n Espa\u00f1ola de Usuarios de Internet (AUI).<\/strong> M\u00e1s que sello de calidad, promueve la adhesi\u00f3n de lugares en cuanto a criterios de defensa de los intereses y los derechos de los usuarios de la Red. Entre sus objetivos, pretende fomentar el buen uso de internet, de las tecnolog\u00edas de la informaci\u00f3n y la comunicaci\u00f3n y de sus aplicaciones en el \u00e1mbito privado, empresarial y en las administraciones p\u00fablicas.<\/td>\n<\/tr>\n<tr>\n<td><a href=\"https:\/\/www.internautas.org\/\" target=\"_blank\" rel=\"noopener\">AI<\/a><\/td>\n<td><img loading=\"lazy\" class=\"aligncenter size-full wp-image-209\" src=\"\/wp-content\/uploads\/2018\/06\/10502_028.jpg\" alt=\"\" width=\"135\" height=\"96\" \/><\/td>\n<td><strong>Asociaci\u00f3n de Internautas (AI).<\/strong> Organismo de defensa de los usuarios de internet, sobre todo respecto a operadoras telef\u00f3nicas, empresas y servicios relacionados con la Red.<\/td>\n<\/tr>\n<\/tbody>\n<\/table>\n<p>&nbsp;<\/p>\n","protected":false},"excerpt":{"rendered":"<p>La autor\u00eda Sobre todo si, adem\u00e1s de identificarse, el responsable de los contenidos en cuesti\u00f3n presenta acreditaciones de car\u00e1cter profesional y elementos de contacto, como una direcci\u00f3n de correo electr\u00f3nico. Se trata de un criterio especialmente relevante en el caso de blogs e iniciativas de publicaci\u00f3n personal de informaci\u00f3n en la Red. Adem\u00e1s, en muchas [&hellip;]<\/p>\n","protected":false},"author":1,"featured_media":0,"parent":0,"menu_order":0,"comment_status":"closed","ping_status":"closed","template":"","meta":[],"_links":{"self":[{"href":"http:\/\/cerca-informacio.recursos.uoc.edu\/es\/wp-json\/wp\/v2\/pages\/404"}],"collection":[{"href":"http:\/\/cerca-informacio.recursos.uoc.edu\/es\/wp-json\/wp\/v2\/pages"}],"about":[{"href":"http:\/\/cerca-informacio.recursos.uoc.edu\/es\/wp-json\/wp\/v2\/types\/page"}],"author":[{"embeddable":true,"href":"http:\/\/cerca-informacio.recursos.uoc.edu\/es\/wp-json\/wp\/v2\/users\/1"}],"replies":[{"embeddable":true,"href":"http:\/\/cerca-informacio.recursos.uoc.edu\/es\/wp-json\/wp\/v2\/comments?post=404"}],"version-history":[{"count":4,"href":"http:\/\/cerca-informacio.recursos.uoc.edu\/es\/wp-json\/wp\/v2\/pages\/404\/revisions"}],"predecessor-version":[{"id":803,"href":"http:\/\/cerca-informacio.recursos.uoc.edu\/es\/wp-json\/wp\/v2\/pages\/404\/revisions\/803"}],"wp:attachment":[{"href":"http:\/\/cerca-informacio.recursos.uoc.edu\/es\/wp-json\/wp\/v2\/media?parent=404"}],"curies":[{"name":"wp","href":"https:\/\/api.w.org\/{rel}","templated":true}]}}