{"id":406,"date":"2018-06-21T17:22:24","date_gmt":"2018-06-21T15:22:24","guid":{"rendered":"http:\/\/cerca-informacio.recursos.uoc.edu\/?page_id=406"},"modified":"2018-07-30T10:06:27","modified_gmt":"2018-07-30T08:06:27","slug":"2-1-3-vigencia-y-o-ultima-actualizacion","status":"publish","type":"page","link":"http:\/\/cerca-informacio.recursos.uoc.edu\/es\/2-1-3-vigencia-y-o-ultima-actualizacion\/","title":{"rendered":"2.1.4. Vigencia y\/o \u00faltima actualizaci\u00f3n"},"content":{"rendered":"<div class=\"featured featured-blue\"><p>Un nivel fundamental de valoraci\u00f3n de la informaci\u00f3n localizada est\u00e1 vinculado a las fechas de creaci\u00f3n de aquel contenido, de su presentaci\u00f3n en una determinada web y, sobre todo, de su \u00faltima actualizaci\u00f3n.<\/p>\n<\/div>\n<p>Una fuente informativa, que avala con fechas los contenidos que presenta, no solo nos facilita discriminar f\u00e1cilmente si su actualizaci\u00f3n es pertinente o no seg\u00fan nuestros objetivos de b\u00fasqueda, sino que evidencia un nivel general de rigor y fiabilidad muy superior a la fuente que no aclara a qu\u00e9 momento hacen referencia sus contenidos.<\/p>\n","protected":false},"excerpt":{"rendered":"<p>Una fuente informativa, que avala con fechas los contenidos que presenta, no solo nos facilita discriminar f\u00e1cilmente si su actualizaci\u00f3n es pertinente o no seg\u00fan nuestros objetivos de b\u00fasqueda, sino que evidencia un nivel general de rigor y fiabilidad muy superior a la fuente que no aclara a qu\u00e9 momento hacen referencia sus contenidos.<\/p>\n","protected":false},"author":1,"featured_media":0,"parent":0,"menu_order":0,"comment_status":"closed","ping_status":"closed","template":"","meta":[],"_links":{"self":[{"href":"http:\/\/cerca-informacio.recursos.uoc.edu\/es\/wp-json\/wp\/v2\/pages\/406"}],"collection":[{"href":"http:\/\/cerca-informacio.recursos.uoc.edu\/es\/wp-json\/wp\/v2\/pages"}],"about":[{"href":"http:\/\/cerca-informacio.recursos.uoc.edu\/es\/wp-json\/wp\/v2\/types\/page"}],"author":[{"embeddable":true,"href":"http:\/\/cerca-informacio.recursos.uoc.edu\/es\/wp-json\/wp\/v2\/users\/1"}],"replies":[{"embeddable":true,"href":"http:\/\/cerca-informacio.recursos.uoc.edu\/es\/wp-json\/wp\/v2\/comments?post=406"}],"version-history":[{"count":3,"href":"http:\/\/cerca-informacio.recursos.uoc.edu\/es\/wp-json\/wp\/v2\/pages\/406\/revisions"}],"predecessor-version":[{"id":512,"href":"http:\/\/cerca-informacio.recursos.uoc.edu\/es\/wp-json\/wp\/v2\/pages\/406\/revisions\/512"}],"wp:attachment":[{"href":"http:\/\/cerca-informacio.recursos.uoc.edu\/es\/wp-json\/wp\/v2\/media?parent=406"}],"curies":[{"name":"wp","href":"https:\/\/api.w.org\/{rel}","templated":true}]}}