{"id":408,"date":"2018-06-21T17:24:06","date_gmt":"2018-06-21T15:24:06","guid":{"rendered":"http:\/\/cerca-informacio.recursos.uoc.edu\/?page_id=408"},"modified":"2018-07-30T10:06:32","modified_gmt":"2018-07-30T08:06:32","slug":"2-1-4-objetivos-y-a-quien-van-dirigidos-los-contenidos","status":"publish","type":"page","link":"http:\/\/cerca-informacio.recursos.uoc.edu\/es\/2-1-4-objetivos-y-a-quien-van-dirigidos-los-contenidos\/","title":{"rendered":"2.1.5. Objetivos y a qui\u00e9n van dirigidos los contenidos"},"content":{"rendered":"<div class=\"featured featured-blue\"><p>La declaraci\u00f3n expl\u00edcita del prop\u00f3sito e intenci\u00f3n en una determinada web aporta elementos de claridad respecto al nivel y el tipo de confianza que puede depositar el usuario en la misma, pese a que no es un signo de credibilidad por s\u00ed solo.<\/p>\n<\/div>\n<p>Un lugar expl\u00edcitamente comercial puede presentar tanta credibilidad como uno universitario respecto a los contenidos, siempre que manifieste abiertamente los objetivos, el car\u00e1cter y la orientaci\u00f3n, de modo que el usuario tenga claro en todo momento a qu\u00e9 tipo de informaci\u00f3n est\u00e1 accediendo, cu\u00e1les son sus objetivos y cu\u00e1l es, por lo tanto, el marco de su credibilidad:<\/p>\n<ul>\n<li>Acad\u00e9mico.<\/li>\n<li>Institucional.<\/li>\n<li>Informativos o divulgativos.<\/li>\n<li>Period\u00edstico.<\/li>\n<li>Instructivo.<\/li>\n<li>Persuasivos o con un fin comercial.<\/li>\n<li>Entretenimiento.<\/li>\n<\/ul>\n<p>Analizar el prop\u00f3sito de la p\u00e1gina web permite valorar si la informaci\u00f3n se aproxima a nuestros objetivos de b\u00fasqueda, y definir el grado de especializaci\u00f3n de los contenidos.<\/p>\n<p>La URL de las p\u00e1ginas web, en ciertas ocasiones, es indicadora de su prop\u00f3sito, por ejemplo \u00ab.edu\u00bb indica su vocaci\u00f3n educativa. De este modo, tambi\u00e9n podemos conocer cu\u00e1l es la audiencia o el p\u00fablico objetivo de la p\u00e1gina web.<\/p>\n<p>Relacionado con el objetivo, a qui\u00e9n se dirige el contenido de la p\u00e1gina seleccionada ayuda a evaluar si es apropiada para nuestros intereses. Por ejemplo, si el contenido es divulgativo para un p\u00fablico general, quiz\u00e1 no ser\u00e1 un contenido apropiado si nuestro objetivo de b\u00fasqueda es de investigaci\u00f3n y\/o acad\u00e9mico.<\/p>\n","protected":false},"excerpt":{"rendered":"<p>Un lugar expl\u00edcitamente comercial puede presentar tanta credibilidad como uno universitario respecto a los contenidos, siempre que manifieste abiertamente los objetivos, el car\u00e1cter y la orientaci\u00f3n, de modo que el usuario tenga claro en todo momento a qu\u00e9 tipo de informaci\u00f3n est\u00e1 accediendo, cu\u00e1les son sus objetivos y cu\u00e1l es, por lo tanto, el marco [&hellip;]<\/p>\n","protected":false},"author":1,"featured_media":0,"parent":0,"menu_order":0,"comment_status":"closed","ping_status":"closed","template":"","meta":[],"_links":{"self":[{"href":"http:\/\/cerca-informacio.recursos.uoc.edu\/es\/wp-json\/wp\/v2\/pages\/408"}],"collection":[{"href":"http:\/\/cerca-informacio.recursos.uoc.edu\/es\/wp-json\/wp\/v2\/pages"}],"about":[{"href":"http:\/\/cerca-informacio.recursos.uoc.edu\/es\/wp-json\/wp\/v2\/types\/page"}],"author":[{"embeddable":true,"href":"http:\/\/cerca-informacio.recursos.uoc.edu\/es\/wp-json\/wp\/v2\/users\/1"}],"replies":[{"embeddable":true,"href":"http:\/\/cerca-informacio.recursos.uoc.edu\/es\/wp-json\/wp\/v2\/comments?post=408"}],"version-history":[{"count":3,"href":"http:\/\/cerca-informacio.recursos.uoc.edu\/es\/wp-json\/wp\/v2\/pages\/408\/revisions"}],"predecessor-version":[{"id":513,"href":"http:\/\/cerca-informacio.recursos.uoc.edu\/es\/wp-json\/wp\/v2\/pages\/408\/revisions\/513"}],"wp:attachment":[{"href":"http:\/\/cerca-informacio.recursos.uoc.edu\/es\/wp-json\/wp\/v2\/media?parent=408"}],"curies":[{"name":"wp","href":"https:\/\/api.w.org\/{rel}","templated":true}]}}