{"id":410,"date":"2018-06-21T17:25:29","date_gmt":"2018-06-21T15:25:29","guid":{"rendered":"http:\/\/cerca-informacio.recursos.uoc.edu\/?page_id=410"},"modified":"2018-07-30T10:06:36","modified_gmt":"2018-07-30T08:06:36","slug":"2-1-5-objetividad-precision-de-la-informacion","status":"publish","type":"page","link":"http:\/\/cerca-informacio.recursos.uoc.edu\/es\/2-1-5-objetividad-precision-de-la-informacion\/","title":{"rendered":"2.1.6. Objetividad, precisi\u00f3n de la informaci\u00f3n"},"content":{"rendered":"<div class=\"featured featured-blue\"><p>El lenguaje utilizado, los objetivos de la p\u00e1gina y el p\u00fablico al que va dirigida la informaci\u00f3n nos permiten establecer qu\u00e9 grado de subjetividad est\u00e1 presente en el contenido. Conocer las motivaciones de la autor\u00eda nos permite establecer si el contenido es objetivo o subjetivo.<\/p>\n<\/div>\n<p>Evaluar la objetividad o la validez de la informaci\u00f3n obtenida se puede complicar en aquellos temas en los que no somos expertos o que desconocemos completamente (principales motivos por los que se hacen b\u00fasquedas), pero los siguientes puntos nos pueden ayudar a valorar este indicativo:<\/p>\n<ol>\n<li>\u00bfLas ideas tienen sentido o conexi\u00f3n entre ellas, o son contradictorias?<\/li>\n<li>La autor\u00eda proporciona las fuentes de informaci\u00f3n consultadas y utilizadas y se pueden constatar y verificar. La citaci\u00f3n expl\u00edcita del origen de la informaci\u00f3n es una garant\u00eda clara de credibilidad, en tanto que ubica y sit\u00faa los contenidos, y nos permite acudir a la fuente original de la informaci\u00f3n para contrastar y ampliar datos. Es aconsejable someter a la revisi\u00f3n cr\u00edtica y la verificaci\u00f3n sistem\u00e1tica todos aquellos contenidos que localizamos, si no aclaran cu\u00e1l es su fuente originaria de informaci\u00f3n.<\/li>\n<li>Existen comentarios o valoraciones de otros usuarios sobre la informaci\u00f3n mostrada, en los que se reafirman los contenidos o que, por el contrario, desacreditan su contenido.<\/li>\n<\/ol>\n<div class=\"featured featured-blue\"><p>La precisi\u00f3n de la informaci\u00f3n est\u00e1 vinculada a la naturaleza del contenido: estad\u00edsticos, bibliogr\u00e1ficos, biogr\u00e1ficos, legislativos, period\u00edsticos, etc., as\u00ed como al nivel de especializaci\u00f3n de la p\u00e1gina web analizada.<\/p>\n<\/div>\n","protected":false},"excerpt":{"rendered":"<p>Evaluar la objetividad o la validez de la informaci\u00f3n obtenida se puede complicar en aquellos temas en los que no somos expertos o que desconocemos completamente (principales motivos por los que se hacen b\u00fasquedas), pero los siguientes puntos nos pueden ayudar a valorar este indicativo: \u00bfLas ideas tienen sentido o conexi\u00f3n entre ellas, o son [&hellip;]<\/p>\n","protected":false},"author":1,"featured_media":0,"parent":0,"menu_order":0,"comment_status":"closed","ping_status":"closed","template":"","meta":[],"_links":{"self":[{"href":"http:\/\/cerca-informacio.recursos.uoc.edu\/es\/wp-json\/wp\/v2\/pages\/410"}],"collection":[{"href":"http:\/\/cerca-informacio.recursos.uoc.edu\/es\/wp-json\/wp\/v2\/pages"}],"about":[{"href":"http:\/\/cerca-informacio.recursos.uoc.edu\/es\/wp-json\/wp\/v2\/types\/page"}],"author":[{"embeddable":true,"href":"http:\/\/cerca-informacio.recursos.uoc.edu\/es\/wp-json\/wp\/v2\/users\/1"}],"replies":[{"embeddable":true,"href":"http:\/\/cerca-informacio.recursos.uoc.edu\/es\/wp-json\/wp\/v2\/comments?post=410"}],"version-history":[{"count":3,"href":"http:\/\/cerca-informacio.recursos.uoc.edu\/es\/wp-json\/wp\/v2\/pages\/410\/revisions"}],"predecessor-version":[{"id":514,"href":"http:\/\/cerca-informacio.recursos.uoc.edu\/es\/wp-json\/wp\/v2\/pages\/410\/revisions\/514"}],"wp:attachment":[{"href":"http:\/\/cerca-informacio.recursos.uoc.edu\/es\/wp-json\/wp\/v2\/media?parent=410"}],"curies":[{"name":"wp","href":"https:\/\/api.w.org\/{rel}","templated":true}]}}