{"id":412,"date":"2018-06-21T17:25:53","date_gmt":"2018-06-21T15:25:53","guid":{"rendered":"http:\/\/cerca-informacio.recursos.uoc.edu\/?page_id=412"},"modified":"2018-07-30T10:06:40","modified_gmt":"2018-07-30T08:06:40","slug":"2-1-6-organizacion-y-estructuracion-de-la-informacion","status":"publish","type":"page","link":"http:\/\/cerca-informacio.recursos.uoc.edu\/es\/2-1-6-organizacion-y-estructuracion-de-la-informacion\/","title":{"rendered":"2.1.7. Organizaci\u00f3n y estructuraci\u00f3n de la informaci\u00f3n"},"content":{"rendered":"<p>Un dise\u00f1o cuidadoso, el uso adecuado de elementos de usabilidad o una estructura de navegaci\u00f3n muy definida y f\u00e1cil de seguir no determinan por si solos la credibilidad de los contenidos, pero suelen ser un indicador de que los responsables de aquel espacio web ponen inter\u00e9s y medios en publicarlos en la Red, actitud que podemos estimar que extienden a la calidad de los contenidos.<\/p>\n<p>En sentido contrario, una presentaci\u00f3n descuidada y ca\u00f3tica no solo no facilita la confianza en la fuente de informaci\u00f3n, sino que, adem\u00e1s, desde un punto de vista pr\u00e1ctico, la hace ineficiente para la localizaci\u00f3n de datos y documentos.<\/p>\n","protected":false},"excerpt":{"rendered":"<p>Un dise\u00f1o cuidadoso, el uso adecuado de elementos de usabilidad o una estructura de navegaci\u00f3n muy definida y f\u00e1cil de seguir no determinan por si solos la credibilidad de los contenidos, pero suelen ser un indicador de que los responsables de aquel espacio web ponen inter\u00e9s y medios en publicarlos en la Red, actitud que [&hellip;]<\/p>\n","protected":false},"author":1,"featured_media":0,"parent":0,"menu_order":0,"comment_status":"closed","ping_status":"closed","template":"","meta":[],"_links":{"self":[{"href":"http:\/\/cerca-informacio.recursos.uoc.edu\/es\/wp-json\/wp\/v2\/pages\/412"}],"collection":[{"href":"http:\/\/cerca-informacio.recursos.uoc.edu\/es\/wp-json\/wp\/v2\/pages"}],"about":[{"href":"http:\/\/cerca-informacio.recursos.uoc.edu\/es\/wp-json\/wp\/v2\/types\/page"}],"author":[{"embeddable":true,"href":"http:\/\/cerca-informacio.recursos.uoc.edu\/es\/wp-json\/wp\/v2\/users\/1"}],"replies":[{"embeddable":true,"href":"http:\/\/cerca-informacio.recursos.uoc.edu\/es\/wp-json\/wp\/v2\/comments?post=412"}],"version-history":[{"count":3,"href":"http:\/\/cerca-informacio.recursos.uoc.edu\/es\/wp-json\/wp\/v2\/pages\/412\/revisions"}],"predecessor-version":[{"id":515,"href":"http:\/\/cerca-informacio.recursos.uoc.edu\/es\/wp-json\/wp\/v2\/pages\/412\/revisions\/515"}],"wp:attachment":[{"href":"http:\/\/cerca-informacio.recursos.uoc.edu\/es\/wp-json\/wp\/v2\/media?parent=412"}],"curies":[{"name":"wp","href":"https:\/\/api.w.org\/{rel}","templated":true}]}}