{"id":414,"date":"2018-06-21T17:26:21","date_gmt":"2018-06-21T15:26:21","guid":{"rendered":"http:\/\/cerca-informacio.recursos.uoc.edu\/?page_id=414"},"modified":"2018-07-30T10:06:45","modified_gmt":"2018-07-30T08:06:45","slug":"2-1-7-calidad-gramatica-ortografia-ilustraciones-etc","status":"publish","type":"page","link":"http:\/\/cerca-informacio.recursos.uoc.edu\/es\/2-1-7-calidad-gramatica-ortografia-ilustraciones-etc\/","title":{"rendered":"2.1.8. Calidad (gram\u00e1tica, ortograf\u00eda, ilustraciones, etc.)"},"content":{"rendered":"<p>Del mismo modo que una buena estructura de navegaci\u00f3n es la muestra de una actitud positiva por parte de la autor\u00eda para mostrar unos contenidos de calidad, la legibilidad de la informaci\u00f3n afianza esta actitud.<\/p>\n<p>El uso de una gram\u00e1tica y sem\u00e1ntica adecuadas a los contenidos, sin faltas de ortograf\u00eda y visualmente agradable de leer son algunos de los indicadores para evaluar la calidad de los contenidos.<\/p>\n<p>Tambi\u00e9n hay que atender a las caracter\u00edsticas espec\u00edficas del formato de la informaci\u00f3n: si es textual, multimedia, sonoro, gr\u00e1fico, etc. El respeto hacia la propiedad intelectual de otros autores, en caso de utilizar material ajeno, indicando las fuentes utilizadas (no solo para el contenido textual, uso de im\u00e1genes, por ejemplo), aporta fiabilidad a la informaci\u00f3n presentada.<\/p>\n<p>En cuanto a la presentaci\u00f3n de los contenidos, en los casos de webs y lugares con publicidad, un criterio complementario de verificaci\u00f3n de su credibilidad es la distinci\u00f3n clara y definida entre los contenidos informativos y los de car\u00e1cter publicitario o propagand\u00edstico. Un lugar que diferencia claramente los anuncios de la informaci\u00f3n siempre ofrecer\u00e1 un mayor nivel de fiabilidad que aquel donde no es posible distinguir la promoci\u00f3n (comercial, pol\u00edtica, etc.) de la informaci\u00f3n presuntamente objetiva o independiente.<\/p>\n","protected":false},"excerpt":{"rendered":"<p>Del mismo modo que una buena estructura de navegaci\u00f3n es la muestra de una actitud positiva por parte de la autor\u00eda para mostrar unos contenidos de calidad, la legibilidad de la informaci\u00f3n afianza esta actitud. El uso de una gram\u00e1tica y sem\u00e1ntica adecuadas a los contenidos, sin faltas de ortograf\u00eda y visualmente agradable de leer [&hellip;]<\/p>\n","protected":false},"author":1,"featured_media":0,"parent":0,"menu_order":0,"comment_status":"closed","ping_status":"closed","template":"","meta":[],"_links":{"self":[{"href":"http:\/\/cerca-informacio.recursos.uoc.edu\/es\/wp-json\/wp\/v2\/pages\/414"}],"collection":[{"href":"http:\/\/cerca-informacio.recursos.uoc.edu\/es\/wp-json\/wp\/v2\/pages"}],"about":[{"href":"http:\/\/cerca-informacio.recursos.uoc.edu\/es\/wp-json\/wp\/v2\/types\/page"}],"author":[{"embeddable":true,"href":"http:\/\/cerca-informacio.recursos.uoc.edu\/es\/wp-json\/wp\/v2\/users\/1"}],"replies":[{"embeddable":true,"href":"http:\/\/cerca-informacio.recursos.uoc.edu\/es\/wp-json\/wp\/v2\/comments?post=414"}],"version-history":[{"count":3,"href":"http:\/\/cerca-informacio.recursos.uoc.edu\/es\/wp-json\/wp\/v2\/pages\/414\/revisions"}],"predecessor-version":[{"id":516,"href":"http:\/\/cerca-informacio.recursos.uoc.edu\/es\/wp-json\/wp\/v2\/pages\/414\/revisions\/516"}],"wp:attachment":[{"href":"http:\/\/cerca-informacio.recursos.uoc.edu\/es\/wp-json\/wp\/v2\/media?parent=414"}],"curies":[{"name":"wp","href":"https:\/\/api.w.org\/{rel}","templated":true}]}}