{"id":416,"date":"2018-06-21T17:27:45","date_gmt":"2018-06-21T15:27:45","guid":{"rendered":"http:\/\/cerca-informacio.recursos.uoc.edu\/?page_id=416"},"modified":"2018-07-03T13:00:26","modified_gmt":"2018-07-03T11:00:26","slug":"2-2-1-introduccion","status":"publish","type":"page","link":"http:\/\/cerca-informacio.recursos.uoc.edu\/es\/2-2-1-introduccion\/","title":{"rendered":"2.2.1. Introducci\u00f3n"},"content":{"rendered":"<p>Si los resultados de nuestra b\u00fasqueda no son satisfactorios, o bien por exceso de resultados dificultando la selecci\u00f3n o bien por resultados insuficientes, o no concuerdan con nuestros objetivos de b\u00fasqueda, hay que revisar la estrategia utilizada y modificar algunos par\u00e1metros de la b\u00fasqueda.<\/p>\n<p>Si se obtienen demasiados resultados, hay que especificar la b\u00fasqueda utilizando palabras o conceptos m\u00e1s espec\u00edficos. O bien, buscar frases exactas utilizando las comillas o usar los campos disponibles en las b\u00fasquedas avanzadas que se definen a continuaci\u00f3n. Hay que repasar los criterios de b\u00fasqueda definidos para concretarlos m\u00e1s y reducir los resultados obtenidos.<\/p>\n<p>Si, en caso contrario, se obtienen pocos resultados, se puede comprobar y repasar lo siguiente:<\/p>\n<ul>\n<li>Se han utilizado de forma correcta las palabras clave definidas, y no se han cometido errores ortogr\u00e1ficos. Se cometen m\u00e1s errores de este tipo cuando se usa un idioma diferente o bien no se colocan las graf\u00edas correctamente (15M o 15-M).<\/li>\n<li>Valorar si las palabras clave son las m\u00e1s adecuadas. Si se trata de un \u00e1mbito tem\u00e1tico que desconocemos, es un error frecuente no utilizar la palabra m\u00e1s adecuada para obtener los resultados esperados.<\/li>\n<li>Es posible que la b\u00fasqueda sea demasiado espec\u00edfica y concreta utilizando muchos filtros, y hay que ampliar los conceptos, para ampliar los resultados.<\/li>\n<li>Se utiliza el motor de b\u00fasqueda o la herramienta correcta.<\/li>\n<\/ul>\n<p>Un proceso de b\u00fasqueda de informaci\u00f3n en internet requiere tiempo. En muchas ocasiones, los buenos resultados no aparecen en la primera b\u00fasqueda, hay que buscar en dos o m\u00e1s ocasiones, modificando los par\u00e1metros definidos para obtener finalmente el resultado esperado.<\/p>\n<p>Adem\u00e1s de los criterios de verificaci\u00f3n de credibilidad relacionados con las fuentes de informaci\u00f3n, tambi\u00e9n podemos aplicar algunas medidas directas sobre los contenidos para intentar garantizar su fiabilidad.<\/p>\n<p>La m\u00e1s sencilla es intentar obtener la misma informaci\u00f3n a trav\u00e9s de dos recorridos de b\u00fasqueda, utilizando instrumentos de localizaci\u00f3n diferentes y consultando, por lo tanto, al menos dos fuentes informativas diferenciadas. Su contraste avalar\u00e1, o no, los resultados de nuestra b\u00fasqueda.<\/p>\n","protected":false},"excerpt":{"rendered":"<p>Si los resultados de nuestra b\u00fasqueda no son satisfactorios, o bien por exceso de resultados dificultando la selecci\u00f3n o bien por resultados insuficientes, o no concuerdan con nuestros objetivos de b\u00fasqueda, hay que revisar la estrategia utilizada y modificar algunos par\u00e1metros de la b\u00fasqueda. Si se obtienen demasiados resultados, hay que especificar la b\u00fasqueda utilizando [&hellip;]<\/p>\n","protected":false},"author":1,"featured_media":0,"parent":0,"menu_order":0,"comment_status":"closed","ping_status":"closed","template":"","meta":[],"_links":{"self":[{"href":"http:\/\/cerca-informacio.recursos.uoc.edu\/es\/wp-json\/wp\/v2\/pages\/416"}],"collection":[{"href":"http:\/\/cerca-informacio.recursos.uoc.edu\/es\/wp-json\/wp\/v2\/pages"}],"about":[{"href":"http:\/\/cerca-informacio.recursos.uoc.edu\/es\/wp-json\/wp\/v2\/types\/page"}],"author":[{"embeddable":true,"href":"http:\/\/cerca-informacio.recursos.uoc.edu\/es\/wp-json\/wp\/v2\/users\/1"}],"replies":[{"embeddable":true,"href":"http:\/\/cerca-informacio.recursos.uoc.edu\/es\/wp-json\/wp\/v2\/comments?post=416"}],"version-history":[{"count":3,"href":"http:\/\/cerca-informacio.recursos.uoc.edu\/es\/wp-json\/wp\/v2\/pages\/416\/revisions"}],"predecessor-version":[{"id":492,"href":"http:\/\/cerca-informacio.recursos.uoc.edu\/es\/wp-json\/wp\/v2\/pages\/416\/revisions\/492"}],"wp:attachment":[{"href":"http:\/\/cerca-informacio.recursos.uoc.edu\/es\/wp-json\/wp\/v2\/media?parent=416"}],"curies":[{"name":"wp","href":"https:\/\/api.w.org\/{rel}","templated":true}]}}