{"id":421,"date":"2018-06-21T17:35:42","date_gmt":"2018-06-21T15:35:42","guid":{"rendered":"http:\/\/cerca-informacio.recursos.uoc.edu\/?page_id=421"},"modified":"2019-12-10T12:17:48","modified_gmt":"2019-12-10T10:17:48","slug":"2-2-3-busquedas-automatizadas","status":"publish","type":"page","link":"http:\/\/cerca-informacio.recursos.uoc.edu\/es\/2-2-3-busquedas-automatizadas\/","title":{"rendered":"2.2.3. B\u00fasquedas automatizadas"},"content":{"rendered":"<p>En situaciones de b\u00fasqueda frecuente de informaci\u00f3n en \u00e1mbitos tem\u00e1ticos determinados, puede ser aconsejable ayudar a la progresiva capacitaci\u00f3n y especializaci\u00f3n del usuario con herramientas de b\u00fasqueda programables para llevar a cabo localizaciones en determinadas fuentes, o para la detecci\u00f3n de cambios y actualizaciones en fuentes informativas de especial inter\u00e9s.<\/p>\n<p>En esta tarea de seguimiento y actualizaci\u00f3n informativa, pueden sernos \u00fatiles los agentes de b\u00fasqueda y los servicios de alerta.<\/p>\n<h3>Agentes de b\u00fasqueda<\/h3>\n<p>Son esencialmente motores de b\u00fasqueda que operan desde el ordenador del usuario, y no desde un servidor web, como hacen la mayor\u00eda de los que utilizamos directamente en la Red.<\/p>\n<div class=\"featured featured-blue\"><p>Su principal funcionalidad es que presentan m\u00faltiples opciones para parametrizar y programar la b\u00fasqueda, lo que los hace especialmente indicados para la localizaci\u00f3n de informaci\u00f3n en \u00e1mbitos tem\u00e1ticos sobre los cuales el usuario ya tenga una informaci\u00f3n sustancial y pueda formular objetivos muy concretos y delimitados de b\u00fasqueda.<\/p>\n<\/div>\n<p>Estos buscadores de escritorio indexan toda la informaci\u00f3n del ordenador (documento en el disco duro local), pero tambi\u00e9n el historial y los marcadores de los navegadores instalados.<\/p>\n<p><a href=\"http:\/\/www.copernic.com\/en\/\" target=\"_blank\" rel=\"noopener\"><strong>Copernic<\/strong><\/a> es uno de los buscadores que podemos instalar en el ordenador (Windows) con una versi\u00f3n gratuita.<\/p>\n<h3>Los servicios de alerta<\/h3>\n<p>Una vez localizadas fuentes de informaci\u00f3n de especial inter\u00e9s, puede ser conveniente no solo conservar la direcci\u00f3n para posteriormente localizarlas de manera inmediata, sino tambi\u00e9n conocer las actualizaciones y la nueva informaci\u00f3n que van incorporando sobre temas de los que tendremos que volver a localizar informaci\u00f3n.<\/p>\n<p>Podemos automatizar parcialmente la revisi\u00f3n regular de estas fuentes de informaci\u00f3n utilizando determinados servicios de alerta de actualizaciones, como los que ofrecen:<\/p>\n<table>\n<tbody>\n<tr>\n<th scope=\"col\" width=\"30%\"><strong>Nombre<\/strong><\/th>\n<th scope=\"col\" width=\"70%\"><strong>Funcionalidad<\/strong><\/th>\n<\/tr>\n<tr>\n<td><a href=\"https:\/\/www.google.com\/alerts\" target=\"_blank\" rel=\"noopener\"><strong>Google Alert<\/strong><\/a><\/td>\n<td>Podemos establecer los par\u00e1metros de alerta y restringirlos a buscadores, noticias u otras informaciones de inter\u00e9s.<\/td>\n<\/tr>\n<tr>\n<td><a href=\"https:\/\/www.talkwalker.com\/es\/herramientas-gratuitas-de-monitorization-y-analisis-de-redes-sociales\" target=\"_blank\" rel=\"noopener\"><strong>Talkwalker Alert<\/strong><\/a><\/td>\n<td>Alternativa a Google Alert en la que se pueden configurar avisos sobre cualquier tema que definamos o bien sobre marcas, personajes concretos, etc.<\/td>\n<\/tr>\n<tr>\n<td><a href=\"https:\/\/aignes.com\/\" target=\"_blank\" rel=\"noopener\"><strong>Website-Watcher<\/strong><\/a><\/td>\n<td>Software de pago, que detecta cambios en las p\u00e1ginas web definidas y resalta los cambios de texto.<\/td>\n<\/tr>\n<tr>\n<td><a href=\"https:\/\/visualping.io\/cdlp.html?utm_source=cd&amp;utm_medium=redirtocdlp&amp;utm_campaign=mig1\" target=\"_blank\" rel=\"noopener\"><strong>Visualping<\/strong><\/a><\/td>\n<td>Permite monitorizar una p\u00e1gina web, y cuando hay alg\u00fan cambio env\u00eda una notificaci\u00f3n al correo electr\u00f3nico proporcionado.<\/td>\n<\/tr>\n<tr>\n<td><a href=\"http:\/\/www.gigaalert.com\/\" target=\"_blank\" rel=\"noopener\"><strong>Giga Alert<\/strong><\/a><\/td>\n<td>Herramienta para monitorizar p\u00e1ginas web por palabras clave y detectar cambios que son notificados por correo electr\u00f3nico.<\/td>\n<\/tr>\n<\/tbody>\n<\/table>\n<p>A la hora de usar los agentes de b\u00fasqueda y servicios de alerta, conviene definir y aplicar criterios muy estrictos de concreci\u00f3n y discriminaci\u00f3n de objetivos de b\u00fasqueda, con el objetivo de gestionar solo informaci\u00f3n necesaria y sostenible.<\/p>\n<div class=\"featured featured-blue\"><p>Un exceso de resultados de b\u00fasqueda programada y alertas de actualizaci\u00f3n puede acabar bloqueando completamente la operatividad y la eficiencia de cualquier localizaci\u00f3n de informaci\u00f3n.<\/p>\n<\/div>\n<p>&nbsp;<\/p>\n","protected":false},"excerpt":{"rendered":"<p>En situaciones de b\u00fasqueda frecuente de informaci\u00f3n en \u00e1mbitos tem\u00e1ticos determinados, puede ser aconsejable ayudar a la progresiva capacitaci\u00f3n y especializaci\u00f3n del usuario con herramientas de b\u00fasqueda programables para llevar a cabo localizaciones en determinadas fuentes, o para la detecci\u00f3n de cambios y actualizaciones en fuentes informativas de especial inter\u00e9s. En esta tarea de seguimiento [&hellip;]<\/p>\n","protected":false},"author":1,"featured_media":0,"parent":0,"menu_order":0,"comment_status":"closed","ping_status":"closed","template":"","meta":[],"_links":{"self":[{"href":"http:\/\/cerca-informacio.recursos.uoc.edu\/es\/wp-json\/wp\/v2\/pages\/421"}],"collection":[{"href":"http:\/\/cerca-informacio.recursos.uoc.edu\/es\/wp-json\/wp\/v2\/pages"}],"about":[{"href":"http:\/\/cerca-informacio.recursos.uoc.edu\/es\/wp-json\/wp\/v2\/types\/page"}],"author":[{"embeddable":true,"href":"http:\/\/cerca-informacio.recursos.uoc.edu\/es\/wp-json\/wp\/v2\/users\/1"}],"replies":[{"embeddable":true,"href":"http:\/\/cerca-informacio.recursos.uoc.edu\/es\/wp-json\/wp\/v2\/comments?post=421"}],"version-history":[{"count":3,"href":"http:\/\/cerca-informacio.recursos.uoc.edu\/es\/wp-json\/wp\/v2\/pages\/421\/revisions"}],"predecessor-version":[{"id":784,"href":"http:\/\/cerca-informacio.recursos.uoc.edu\/es\/wp-json\/wp\/v2\/pages\/421\/revisions\/784"}],"wp:attachment":[{"href":"http:\/\/cerca-informacio.recursos.uoc.edu\/es\/wp-json\/wp\/v2\/media?parent=421"}],"curies":[{"name":"wp","href":"https:\/\/api.w.org\/{rel}","templated":true}]}}