{"id":423,"date":"2018-06-21T17:37:09","date_gmt":"2018-06-21T15:37:09","guid":{"rendered":"http:\/\/cerca-informacio.recursos.uoc.edu\/?page_id=423"},"modified":"2018-09-04T12:56:19","modified_gmt":"2018-09-04T10:56:19","slug":"3-1-como-almaceno-la-informacion-obtenida","status":"publish","type":"page","link":"http:\/\/cerca-informacio.recursos.uoc.edu\/es\/3-1-como-almaceno-la-informacion-obtenida\/","title":{"rendered":"3.1. \u00bfC\u00f3mo almaceno la informaci\u00f3n obtenida?"},"content":{"rendered":"<p>Cada proceso de localizaci\u00f3n de informaci\u00f3n implica una acumulaci\u00f3n de habilidades que el usuario incorpora para dise\u00f1ar estrategias cada vez m\u00e1s eficientes de b\u00fasqueda, y le aporta nueva informaci\u00f3n sobre los instrumentos y las t\u00e9cnicas para buscar y validar los contenidos encontrados. Se trata de un proceso de capacitaci\u00f3n progresiva que se puede apoyar con el uso de herramientas de almacenamiento y organizaci\u00f3n de la informaci\u00f3n para localizarla posteriormente.<\/p>\n<p>Estos procesos de b\u00fasqueda generan la localizaci\u00f3n de un n\u00famero m\u00e1s o menos grande de fuentes informativas de inter\u00e9s que conviene ordenar y clasificar para un uso inmediato o futuro.<\/p>\n<p>A la hora de archivar estas fuentes electr\u00f3nicas de informaci\u00f3n, podemos elegir entre varias f\u00f3rmulas de efectividad variable y que no son excluyentes, de modo que lo m\u00e1s eficiente puede ser combinarlas en la medida en que se adapten m\u00e1s y mejor a las necesidades de cada usuario en cada momento.<\/p>\n<p>En el recurso \u00ab<a href=\"http:\/\/informacio-digital.recursos.uoc.edu\/es\/\" target=\"_blank\" rel=\"noopener\">Pautas para optimizar la organizaci\u00f3n de la informaci\u00f3n digital<\/a>\u00bb, se encuentran definidas, entre otras, las siguientes estrategias, con las herramientas y recomendaciones de uso para almacenar la informaci\u00f3n de forma sencilla y ordenada, seleccionada en los diferentes procesos de b\u00fasqueda:<\/p>\n<ul>\n<li>Marcadores del navegador.<\/li>\n<li>Marcadores en l\u00ednea (sociales).<\/li>\n<li>Notas personales.<\/li>\n<li>Sindicaci\u00f3n de contenidos (RSS).<\/li>\n<\/ul>\n<p>La automatizaci\u00f3n de procesos de almacenamiento facilita las gestiones a la hora de utilizar diferentes herramientas combinadas. Se pueden programar diferentes acciones, como guardar los marcadores del navegador en un espacio en la nube sin hacerlo de forma manual.<\/p>\n<p>Este punto se encuentra detallado en el apartado \u00ab<a href=\"http:\/\/informacio-digital.recursos.uoc.edu\/es\/11-1-introduccion\/\" target=\"_blank\" rel=\"noopener\">Automatizaci\u00f3n en la gesti\u00f3n de la informaci\u00f3n<\/a>\u00bb, en el recurso \u00abPautas para optimizar la organizaci\u00f3n de la informaci\u00f3n digital\u00bb.<\/p>\n","protected":false},"excerpt":{"rendered":"<p>Cada proceso de localizaci\u00f3n de informaci\u00f3n implica una acumulaci\u00f3n de habilidades que el usuario incorpora para dise\u00f1ar estrategias cada vez m\u00e1s eficientes de b\u00fasqueda, y le aporta nueva informaci\u00f3n sobre los instrumentos y las t\u00e9cnicas para buscar y validar los contenidos encontrados. Se trata de un proceso de capacitaci\u00f3n progresiva que se puede apoyar con [&hellip;]<\/p>\n","protected":false},"author":1,"featured_media":0,"parent":0,"menu_order":0,"comment_status":"closed","ping_status":"closed","template":"","meta":[],"_links":{"self":[{"href":"http:\/\/cerca-informacio.recursos.uoc.edu\/es\/wp-json\/wp\/v2\/pages\/423"}],"collection":[{"href":"http:\/\/cerca-informacio.recursos.uoc.edu\/es\/wp-json\/wp\/v2\/pages"}],"about":[{"href":"http:\/\/cerca-informacio.recursos.uoc.edu\/es\/wp-json\/wp\/v2\/types\/page"}],"author":[{"embeddable":true,"href":"http:\/\/cerca-informacio.recursos.uoc.edu\/es\/wp-json\/wp\/v2\/users\/1"}],"replies":[{"embeddable":true,"href":"http:\/\/cerca-informacio.recursos.uoc.edu\/es\/wp-json\/wp\/v2\/comments?post=423"}],"version-history":[{"count":3,"href":"http:\/\/cerca-informacio.recursos.uoc.edu\/es\/wp-json\/wp\/v2\/pages\/423\/revisions"}],"predecessor-version":[{"id":535,"href":"http:\/\/cerca-informacio.recursos.uoc.edu\/es\/wp-json\/wp\/v2\/pages\/423\/revisions\/535"}],"wp:attachment":[{"href":"http:\/\/cerca-informacio.recursos.uoc.edu\/es\/wp-json\/wp\/v2\/media?parent=423"}],"curies":[{"name":"wp","href":"https:\/\/api.w.org\/{rel}","templated":true}]}}