{"id":425,"date":"2018-06-21T17:37:54","date_gmt":"2018-06-21T15:37:54","guid":{"rendered":"http:\/\/cerca-informacio.recursos.uoc.edu\/?page_id=425"},"modified":"2018-06-21T17:37:54","modified_gmt":"2018-06-21T15:37:54","slug":"3-2-1-introduccion","status":"publish","type":"page","link":"http:\/\/cerca-informacio.recursos.uoc.edu\/es\/3-2-1-introduccion\/","title":{"rendered":"3.2.1. Introducci\u00f3n"},"content":{"rendered":"<p>El proceso de b\u00fasqueda finaliza con la selecci\u00f3n y el almacenamiento de las fuentes localizadas que son de nuestro inter\u00e9s. A pesar de que a veces las b\u00fasquedas tienen como objetivo resolver una duda o consultar un contenido espec\u00edfico, en otras ocasiones el objetivo principal de la b\u00fasqueda es localizar material gr\u00e1fico, textual o audiovisual para elaborar documentos nuevos. Por ejemplo, se ha hecho una b\u00fasqueda para escribir un art\u00edculo en una p\u00e1gina web, o bien se buscaban elementos gr\u00e1ficos para elaborar un cartel publicitario.<\/p>\n<div class=\"featured featured-blue\"><p>Es muy conveniente que tengamos presente el respeto hacia la propiedad intelectual del autor\/a cuando procesamos, gestionamos y presentamos informaci\u00f3n localizada en internet, para que siempre citemos la procedencia de los datos y contenidos.<\/p>\n<\/div>\n","protected":false},"excerpt":{"rendered":"<p>El proceso de b\u00fasqueda finaliza con la selecci\u00f3n y el almacenamiento de las fuentes localizadas que son de nuestro inter\u00e9s. A pesar de que a veces las b\u00fasquedas tienen como objetivo resolver una duda o consultar un contenido espec\u00edfico, en otras ocasiones el objetivo principal de la b\u00fasqueda es localizar material gr\u00e1fico, textual o audiovisual [&hellip;]<\/p>\n","protected":false},"author":1,"featured_media":0,"parent":0,"menu_order":0,"comment_status":"closed","ping_status":"closed","template":"","meta":[],"_links":{"self":[{"href":"http:\/\/cerca-informacio.recursos.uoc.edu\/es\/wp-json\/wp\/v2\/pages\/425"}],"collection":[{"href":"http:\/\/cerca-informacio.recursos.uoc.edu\/es\/wp-json\/wp\/v2\/pages"}],"about":[{"href":"http:\/\/cerca-informacio.recursos.uoc.edu\/es\/wp-json\/wp\/v2\/types\/page"}],"author":[{"embeddable":true,"href":"http:\/\/cerca-informacio.recursos.uoc.edu\/es\/wp-json\/wp\/v2\/users\/1"}],"replies":[{"embeddable":true,"href":"http:\/\/cerca-informacio.recursos.uoc.edu\/es\/wp-json\/wp\/v2\/comments?post=425"}],"version-history":[{"count":1,"href":"http:\/\/cerca-informacio.recursos.uoc.edu\/es\/wp-json\/wp\/v2\/pages\/425\/revisions"}],"predecessor-version":[{"id":426,"href":"http:\/\/cerca-informacio.recursos.uoc.edu\/es\/wp-json\/wp\/v2\/pages\/425\/revisions\/426"}],"wp:attachment":[{"href":"http:\/\/cerca-informacio.recursos.uoc.edu\/es\/wp-json\/wp\/v2\/media?parent=425"}],"curies":[{"name":"wp","href":"https:\/\/api.w.org\/{rel}","templated":true}]}}