{"id":427,"date":"2018-06-21T17:39:53","date_gmt":"2018-06-21T15:39:53","guid":{"rendered":"http:\/\/cerca-informacio.recursos.uoc.edu\/?page_id=427"},"modified":"2018-07-03T13:03:18","modified_gmt":"2018-07-03T11:03:18","slug":"3-2-2-plagio-y-copia-literal-de-contenidos","status":"publish","type":"page","link":"http:\/\/cerca-informacio.recursos.uoc.edu\/es\/3-2-2-plagio-y-copia-literal-de-contenidos\/","title":{"rendered":"3.2.2. Plagio y copia literal de contenidos"},"content":{"rendered":"<p>El<em> Diccionario de la Real Academia Espa\u00f1ola<\/em> define <em>plagiar <\/em>como:<\/p>\n<blockquote><p>Copiar en lo sustancial obras ajenas, d\u00e1ndolas como propias.<\/p><\/blockquote>\n<p><em><div class=\"blockquote-author\"><p>Diccionario de la Real Academia Espa\u00f1ola.<\/p>\n<\/div><\/em><\/p>\n<p>Por lo tanto, la copia literal de contenidos o el uso de contenido sin citar su origen, su fuente o su autor\u00eda implica no cumplir la normativa de propiedad intelectual y las normas reguladoras de los derechos del autor.<\/p>\n<div class=\"featured featured-blue\"><p>La <a href=\"http:\/\/noticias.juridicas.com\/base_datos\/admin\/rdleg1-1996.html\" target=\"_blank\" rel=\"noopener\"><strong>propiedad<\/strong> <strong>intelectual<\/strong><\/a> es el marco jur\u00eddico que protege los intereses de los autores, y el C\u00f3digo penal espa\u00f1ol recoge las sanciones por incumplimiento (delito) de esta ley y de los derechos de los autores.<\/p>\n<\/div>\n<p>Por internet, un gran volumen de informaci\u00f3n y contenidos circula libremente y de forma p\u00fablica, para que todo el mundo tenga acceso a los mismos, pero este hecho no lleva impl\u00edcito el uso libre de este contenido. Si hacemos una fotograf\u00eda original y la subimos por ejemplo a Flickr, autom\u00e1ticamente somos propietarios y autores de la imagen, y nadie, sin permiso previo, puede utilizarla, modificarla o distribuirla.<\/p>\n<p>El desconocimiento del concepto de plagio o de las leyes de propiedad intelectual puede llegar a ser delito de forma inconsciente o no intencionada. Adem\u00e1s, el acceso abierto de internet a informaci\u00f3n y recursos de todo tipo puede confundir al usuario, puesto que interpreta que puede hacer un libre uso de ello.<\/p>\n<p>Por lo tanto, una de las premisas b\u00e1sicas a la hora de utilizar un recurso localizado en la Red es que, si no se especifica lo contrario, el recurso tiene una autor\u00eda protegida y no podemos reutilizarlo sin permiso o bien sin citar su origen.<\/p>\n<p>Se comete <strong>plagio<\/strong> en estos casos:<\/p>\n<ul>\n<li>Si utilizamos una fotograf\u00eda para nuestra web que se ha localizado por internet.<\/li>\n<li>Si utilizamos frases o expresiones de un autor (la entrada de un blog tambi\u00e9n tiene autor\u00eda, aunque no se especifique) sin reconocimiento o permiso.<\/li>\n<li>Si se copia y\/o se reutilizan im\u00e1genes, audios, v\u00eddeos, documento de texto, etc. con derechos de autor.<\/li>\n<li>No citar o hacer la referencia correctamente.<\/li>\n<li>No incluir comillas en las frases textuales de otro autor.<\/li>\n<\/ul>\n<p>En definitiva, cuando utilizamos ideas u otros recursos que encontramos y no se cita el origen, se interpreta que es contenido propio y, por lo tanto, estamos cometiendo plagio.<\/p>\n<p>No podemos calificar como plagio los actos o ideas considerados de conocimiento general y p\u00fablico de un determinado \u00e1mbito, como por ejemplo la teor\u00eda de la relatividad de Einstein, o bien, como es evidente, los contenidos o ideas propias.<\/p>\n","protected":false},"excerpt":{"rendered":"<p>El Diccionario de la Real Academia Espa\u00f1ola define plagiar como: Copiar en lo sustancial obras ajenas, d\u00e1ndolas como propias. Por lo tanto, la copia literal de contenidos o el uso de contenido sin citar su origen, su fuente o su autor\u00eda implica no cumplir la normativa de propiedad intelectual y las normas reguladoras de los [&hellip;]<\/p>\n","protected":false},"author":1,"featured_media":0,"parent":0,"menu_order":0,"comment_status":"closed","ping_status":"closed","template":"","meta":[],"_links":{"self":[{"href":"http:\/\/cerca-informacio.recursos.uoc.edu\/es\/wp-json\/wp\/v2\/pages\/427"}],"collection":[{"href":"http:\/\/cerca-informacio.recursos.uoc.edu\/es\/wp-json\/wp\/v2\/pages"}],"about":[{"href":"http:\/\/cerca-informacio.recursos.uoc.edu\/es\/wp-json\/wp\/v2\/types\/page"}],"author":[{"embeddable":true,"href":"http:\/\/cerca-informacio.recursos.uoc.edu\/es\/wp-json\/wp\/v2\/users\/1"}],"replies":[{"embeddable":true,"href":"http:\/\/cerca-informacio.recursos.uoc.edu\/es\/wp-json\/wp\/v2\/comments?post=427"}],"version-history":[{"count":2,"href":"http:\/\/cerca-informacio.recursos.uoc.edu\/es\/wp-json\/wp\/v2\/pages\/427\/revisions"}],"predecessor-version":[{"id":494,"href":"http:\/\/cerca-informacio.recursos.uoc.edu\/es\/wp-json\/wp\/v2\/pages\/427\/revisions\/494"}],"wp:attachment":[{"href":"http:\/\/cerca-informacio.recursos.uoc.edu\/es\/wp-json\/wp\/v2\/media?parent=427"}],"curies":[{"name":"wp","href":"https:\/\/api.w.org\/{rel}","templated":true}]}}