{"id":429,"date":"2018-06-21T17:41:57","date_gmt":"2018-06-21T15:41:57","guid":{"rendered":"http:\/\/cerca-informacio.recursos.uoc.edu\/?page_id=429"},"modified":"2019-12-27T12:35:24","modified_gmt":"2019-12-27T10:35:24","slug":"3-2-3-citacion","status":"publish","type":"page","link":"http:\/\/cerca-informacio.recursos.uoc.edu\/es\/3-2-3-citacion\/","title":{"rendered":"3.2.3. Citaci\u00f3n"},"content":{"rendered":"<div class=\"featured featured-blue\"><p><strong>Citar<\/strong> es la acci\u00f3n de indicar la procedencia de la fuente, la autor\u00eda de aquel material e informaci\u00f3n que hemos utilizado para elaborar un nuevo contenido.<\/p>\n<\/div>\n<p>Seg\u00fan la Ley de propiedad intelectual, se permite hacer uso de obras ya difundidas citando correctamente la fuente si hay una clara intenci\u00f3n de an\u00e1lisis con un fin educativo.<\/p>\n<blockquote><p>Es l\u00edcita la inclusi\u00f3n en una obra propia de fragmentos de otras ajenas de naturaleza escrita, sonora o audiovisual, as\u00ed como la de obras aisladas de car\u00e1cter pl\u00e1stico o fotogr\u00e1fico figurativo, siempre que se trate de obras ya divulgadas y <strong>su inclusi\u00f3n se haga a t\u00edtulo de cita o para su an\u00e1lisis, comentario o juicio cr\u00edtico<\/strong>. Esta utilizaci\u00f3n solo podr\u00e1 hacerse con fines docentes o de investigaci\u00f3n, en la medida justificada por el fin de esa incorporaci\u00f3n e indicando la fuente y el nombre del autor de la obra utilizada.<\/p><\/blockquote>\n<div class=\"blockquote-author\"><p>Art\u00edculo 32.1<\/p>\n<\/div>\n<p>En este caso, si se hace una recopilaci\u00f3n de las referencias bibliogr\u00e1ficas utilizadas y se citan las ideas, el contenido textual o se parafrasea de forma correcta, no se est\u00e1 incurriendo en plagio.<\/p>\n<p>La citaci\u00f3n, siguiendo las indicaciones estandarizadas de la <a href=\"https:\/\/www.youtube.com\/watch?v=miyvrsi1lqg&amp;feature=youtu.be\" target=\"_blank\" rel=\"noopener\"><strong>norma ISO 690<\/strong><\/a> u otras como la norma <a href=\"https:\/\/web.ua.es\/es\/eurle\/documentos\/trabajo-de-fin-de-grado\/estilo-apa.pdf\" target=\"_blank\" rel=\"noopener\"><strong>APA<\/strong><\/a> (American Psychological Association), de referencias electr\u00f3nicas, presenta de entrada un aval de credibilidad para nuestros contenidos y se facilita a los interlocutores el acceso r\u00e1pido a las fuentes originales de la informaci\u00f3n.<\/p>\n<p>Al rev\u00e9s sucede de igual manera: si se est\u00e1 evaluando la fiabilidad de un contenido, se puede atender a las citaciones sobre el origen y la procedencia de la informaci\u00f3n. Una citaci\u00f3n correcta, en la que se puedan contrastar las fuentes originales, avala la credibilidad del contenido y del autor.<\/p>\n<p>Ante la sospecha de plagio o uso indebido de un contenido por parte de una determinada fuente informativa, tambi\u00e9n podemos hacer una verificaci\u00f3n b\u00e1sica eligiendo un fragmento significativo del texto dudoso y llevando a cabo una b\u00fasqueda literal \u2013entre comillas\u2013 en un motor generalista de b\u00fasqueda de la m\u00e1xima potencia, como Google o Alltheweb. El buscador nos presentar\u00e1 las webs que haya detectado que contienen aquel texto literal en su lista de resultados.<\/p>\n<p>Existen otras herramientas para detectar el plagio textual (<a href=\"https:\/\/plagiarismdetector.net\/\" target=\"_blank\" rel=\"noopener\"><strong>Plagiarism detector<\/strong><\/a> \/ <a href=\"http:\/\/plagiarisma.net\/\" target=\"_blank\" rel=\"noopener\"><strong>Plagiarisma<\/strong><\/a>) o localizar la fuente original de una imagen (<a href=\"https:\/\/www.tineye.com\/\" target=\"_blank\" rel=\"noopener\"><strong>TinEye<\/strong><\/a>).<\/p>\n<p>En la Biblioteca de la UOC, encontramos recursos para ampliar la informaci\u00f3n sobre la propiedad intelectual y c\u00f3mo evitar el plagio:<\/p>\n<ul>\n<li><a href=\"http:\/\/biblioteca.uoc.edu\/es\/recursos\/plagio-academico\" target=\"_blank\" rel=\"noopener\">http:\/\/biblioteca.uoc.edu\/es\/recursos\/plagio-academico<\/a><\/li>\n<li><a href=\"http:\/\/biblioteca.uoc.edu\/es\/recursos\/recurso\/como-evitar-el-plagio\" target=\"_blank\" rel=\"noopener\">http:\/\/biblioteca.uoc.edu\/es\/recursos\/recurso\/como-evitar-el-plagio<\/a><\/li>\n<\/ul>\n","protected":false},"excerpt":{"rendered":"<p>Seg\u00fan la Ley de propiedad intelectual, se permite hacer uso de obras ya difundidas citando correctamente la fuente si hay una clara intenci\u00f3n de an\u00e1lisis con un fin educativo. Es l\u00edcita la inclusi\u00f3n en una obra propia de fragmentos de otras ajenas de naturaleza escrita, sonora o audiovisual, as\u00ed como la de obras aisladas de [&hellip;]<\/p>\n","protected":false},"author":1,"featured_media":0,"parent":0,"menu_order":0,"comment_status":"closed","ping_status":"closed","template":"","meta":[],"_links":{"self":[{"href":"http:\/\/cerca-informacio.recursos.uoc.edu\/es\/wp-json\/wp\/v2\/pages\/429"}],"collection":[{"href":"http:\/\/cerca-informacio.recursos.uoc.edu\/es\/wp-json\/wp\/v2\/pages"}],"about":[{"href":"http:\/\/cerca-informacio.recursos.uoc.edu\/es\/wp-json\/wp\/v2\/types\/page"}],"author":[{"embeddable":true,"href":"http:\/\/cerca-informacio.recursos.uoc.edu\/es\/wp-json\/wp\/v2\/users\/1"}],"replies":[{"embeddable":true,"href":"http:\/\/cerca-informacio.recursos.uoc.edu\/es\/wp-json\/wp\/v2\/comments?post=429"}],"version-history":[{"count":5,"href":"http:\/\/cerca-informacio.recursos.uoc.edu\/es\/wp-json\/wp\/v2\/pages\/429\/revisions"}],"predecessor-version":[{"id":804,"href":"http:\/\/cerca-informacio.recursos.uoc.edu\/es\/wp-json\/wp\/v2\/pages\/429\/revisions\/804"}],"wp:attachment":[{"href":"http:\/\/cerca-informacio.recursos.uoc.edu\/es\/wp-json\/wp\/v2\/media?parent=429"}],"curies":[{"name":"wp","href":"https:\/\/api.w.org\/{rel}","templated":true}]}}