{"id":431,"date":"2018-06-21T17:46:15","date_gmt":"2018-06-21T15:46:15","guid":{"rendered":"http:\/\/cerca-informacio.recursos.uoc.edu\/?page_id=431"},"modified":"2019-12-27T12:37:41","modified_gmt":"2019-12-27T10:37:41","slug":"3-2-4-derechos-de-autor-y-licencias-de-uso","status":"publish","type":"page","link":"http:\/\/cerca-informacio.recursos.uoc.edu\/es\/3-2-4-derechos-de-autor-y-licencias-de-uso\/","title":{"rendered":"3.2.4. Derechos de autor y licencias de uso"},"content":{"rendered":"<p>Como se ha visto hasta ahora, los archivos (documentos, im\u00e1genes, ideas, audios, v\u00eddeos, etc.) que est\u00e1n disponibles en internet y al alcance de cualquier usuario no implican, por defecto, que el usuario tenga derechos de uso y\/o modificaci\u00f3n de los mismos. Solo el autor tiene potestad para definir qu\u00e9 tipo de licencia quiere aplicar a su obra y, por lo tanto, decidir qu\u00e9 se puede hacer con ella y qu\u00e9 no.<\/p>\n<p>Como se define en el material <em>Nociones de tecnolog\u00eda digital<\/em>, apartado \u00abHerramientas para generar contenidos en la red\u00bb, subapartado <a href=\"http:\/\/materials.cv.uoc.edu\/cdocent\/PID_00246061\/index.html\" target=\"_blank\" rel=\"noopener\">\u00abDerechos de uso de contenidos en la red\u00bb<\/a>, actualmente podemos encontrar contenido con diferentes licencias de uso. Por lo tanto, antes de utilizar, modificar o distribuir cualquier archivo se tienen que conocer los derechos de autor y qu\u00e9 licencia de uso tiene:<\/p>\n<table>\n<tbody>\n<tr>\n<th scope=\"col\" width=\"20%\"><strong>Nombre<\/strong><\/th>\n<th scope=\"col\" width=\"15%\"><strong>Icono<\/strong><\/th>\n<th scope=\"col\" width=\"65%\"><strong>Descripci\u00f3n<\/strong><\/th>\n<\/tr>\n<tr>\n<td><strong>Copyright<\/strong><\/td>\n<td><img loading=\"lazy\" class=\"size-full wp-image-213 alignleft\" src=\"\/wp-content\/uploads\/2018\/06\/10502_030.jpg\" alt=\"\" width=\"135\" height=\"96\" \/><\/td>\n<td>Si no se especifica nada, o bien encontramos la marca registrada (\u00a9), quiere decir que el contenido tiene todos los derechos de autor reservados y, por lo tanto, no tenemos ning\u00fan permiso de uso, modificaci\u00f3n y reutilizaci\u00f3n sin una autorizaci\u00f3n del autor\/a.<\/td>\n<\/tr>\n<tr>\n<td><strong>Dominio p\u00fablico<\/strong><\/td>\n<td><img loading=\"lazy\" class=\"size-full wp-image-215 alignleft\" src=\"\/wp-content\/uploads\/2018\/06\/10502_031.jpg\" alt=\"\" width=\"135\" height=\"96\" \/><\/td>\n<td>Obras con los derechos de autor expirados. En Espa\u00f1a, las obras pasan a dominio p\u00fablico despu\u00e9s de 70 a\u00f1os de la muerte de su autor\/a, como <em>El Quijote<\/em> de Cervantes.<\/td>\n<\/tr>\n<tr>\n<td><strong><em>Copyleft<\/em> &#8211; Licencias Creative Commons<\/strong><\/td>\n<td><img loading=\"lazy\" class=\"size-full wp-image-217 alignleft\" src=\"\/wp-content\/uploads\/2018\/06\/10502_032.jpg\" alt=\"\" width=\"135\" height=\"96\" \/><\/td>\n<td>Al contrario del <em>copyright<\/em>, en el que la obra tiene todos los derechos reservados, en las licencias Creative Commons el autor\/a define algunas condiciones para que su contenido pueda ser utilizado por terceras personas.<\/p>\n<p>Este tipo de obras siguen teniendo derechos de autor (como por ejemplo el de citaci\u00f3n de la autor\u00eda), pero permiten su utilizaci\u00f3n siguiendo los par\u00e1metros que se definen en la licencia (figura 23).<\/td>\n<\/tr>\n<tr>\n<td><strong>Licencia GPL (Licencia P\u00fablica de GNU)<\/strong><\/td>\n<td><img loading=\"lazy\" class=\"size-full wp-image-221 alignleft\" src=\"\/wp-content\/uploads\/2018\/06\/10502_034.jpg\" alt=\"\" width=\"270\" height=\"95\" \/><\/td>\n<td>En el \u00e1mbito de la inform\u00e1tica, Richard Stallman cre\u00f3 la licencia GPL utilizada por el software libre y de c\u00f3digo abierto, que permite a los usuarios finales utilizar, copiar, distribuir y modificar libremente los programas inform\u00e1ticos. Hay que aclarar que las palabras \u00absoftware libre\u00bb no significan que no tengan derechos de autor, sino que algunos derechos se mantienen protegidos y otros se abren al p\u00fablico y permiten cambios y usos con unas condiciones estipuladas, como por ejemplo, que las versiones modificadas y usos posteriores del software se mantengan bajo la misma licencia.<\/td>\n<\/tr>\n<\/tbody>\n<\/table>\n<div><\/div>\n<figure style=\"width: 640px\" class=\"wp-caption aligncenter\"><img loading=\"lazy\" class=\"aligncenter wp-image-478 size-full\" src=\"\/wp-content\/uploads\/2018\/07\/80502_033.jpg\" alt=\"\" width=\"640\" height=\"379\" srcset=\"\/wp-content\/uploads\/2018\/07\/80502_033.jpg 640w, \/wp-content\/uploads\/2018\/07\/80502_033-300x178.jpg 300w\" sizes=\"(max-width: 640px) 100vw, 640px\" \/><figcaption class=\"wp-caption-text\">Figura 23. Diferentes tipos de licencia Creative Commons.<\/figcaption><\/figure>\n<p>Otra forma de utilizar im\u00e1genes o v\u00eddeos sin vulnerar los derechos de propiedad intelectual de los autores y autoras es <strong>utilizar el c\u00f3digo de inserci\u00f3n (<em>embed<\/em>)<\/strong> siempre que el lugar de uso sea en l\u00ednea.<\/p>\n<p>Consiste en insertar una imagen, v\u00eddeo o audio en el propio espacio web, sin perder el enlace al lugar original de publicaci\u00f3n y respetando la autor\u00eda original.<\/p>\n<p>Si descargamos un recurso multimedia y se guarda en local, y despu\u00e9s se sube la imagen a un espacio web (un blog, una wiki, una red social, etc.), estamos vulnerando los derechos de autor (si la licencia no especifica lo contrario), aunque se cite la fuente de origen.<\/p>\n<p>En YouTube o Flickr, y otras plataformas, se puede encontrar el c\u00f3digo de inserci\u00f3n, que normalmente se ubica en el espacio de \u00abCompartir\u00bb. Hay que seleccionar la opci\u00f3n \u00abInsertar\u00bb o \u00abC\u00f3digo Embed\u00bb y copiar el c\u00f3digo que os proporciona la aplicaci\u00f3n en vuestro sitio web.<\/p>\n<figure style=\"width: 640px\" class=\"wp-caption aligncenter\"><img loading=\"lazy\" class=\"aligncenter size-full wp-image-223\" src=\"\/wp-content\/uploads\/2018\/06\/10502_035.jpg\" alt=\"\" width=\"640\" height=\"368\" srcset=\"\/wp-content\/uploads\/2018\/06\/10502_035.jpg 640w, \/wp-content\/uploads\/2018\/06\/10502_035-300x173.jpg 300w\" sizes=\"(max-width: 640px) 100vw, 640px\" \/><figcaption class=\"wp-caption-text\">Figura 24. C\u00f3digo de inserci\u00f3n de un v\u00eddeo.<\/figcaption><\/figure>\n<p>El Tribunal de Justicia de la Uni\u00f3n Europea, en algunas de sus sentencias, ha concluido que insertar elementos de este modo no supone vulnerar el <em>copyright<\/em>, mientras no se modifique el contenido original y no se publique ante un p\u00fablico diferente al que ya est\u00e1 expuesto.<\/p>\n<p>Si al iniciar la b\u00fasqueda sabemos que el contenido tiene que estar bajo una licencia espec\u00edfica porque es necesario publicarlo, por ejemplo, ahorraremos trabajo y tiempo si concretamos la b\u00fasqueda en licencias m\u00e1s abiertas. Hay buscadores que nos permiten concretar los resultados buscados por licencias de uso:<\/p>\n<ul>\n<li>En el buscador Google, en im\u00e1genes, haciendo clic en el bot\u00f3n de \u00abHerramientas\u00bb, se pueden filtrar los resultados obtenidos por algunos tipos de licencia (figura 25).<\/li>\n<li>En Flickr, algunas im\u00e1genes est\u00e1n disponibles con licencia Creative Commons: <a href=\"https:\/\/www.flickr.com\/creativecommons\/\" target=\"_blank\" rel=\"noopener\">https:\/\/www.flickr.com\/creativecommons\/<\/a><\/li>\n<li>En Youtube, al hacer la b\u00fasqueda, es posible filtrar los resultados con licencia Creative Commons.<\/li>\n<\/ul>\n<figure style=\"width: 640px\" class=\"wp-caption aligncenter\"><img loading=\"lazy\" class=\"aligncenter size-full wp-image-225\" src=\"\/wp-content\/uploads\/2018\/06\/10502_036.jpg\" alt=\"\" width=\"640\" height=\"219\" srcset=\"\/wp-content\/uploads\/2018\/06\/10502_036.jpg 640w, \/wp-content\/uploads\/2018\/06\/10502_036-300x103.jpg 300w\" sizes=\"(max-width: 640px) 100vw, 640px\" \/><figcaption class=\"wp-caption-text\">Figura 25. Filtro de b\u00fasqueda por derechos de uso.<\/figcaption><\/figure>\n<p>Adem\u00e1s de los filtros disponibles en los buscadores, hay espacios web que proporcionan recursos multimedia con licencias m\u00e1s abiertas para poder utilizar el material. A continuaci\u00f3n, se enumeran algunas de estas p\u00e1ginas:<\/p>\n<table>\n<tbody>\n<tr>\n<th scope=\"col\" width=\"33%\"><strong>Im\u00e1genes<\/strong><\/th>\n<th scope=\"col\"><strong>Sonido<\/strong><\/th>\n<th scope=\"col\"><strong>V\u00eddeos<\/strong><\/th>\n<\/tr>\n<tr>\n<td><a href=\"https:\/\/es.freeimages.com\/\" target=\"_blank\" rel=\"noopener\">Freeimages<\/a><\/p>\n<p><a href=\"https:\/\/openphoto.net\/\" target=\"_blank\" rel=\"noopener\">Openphoto<\/a><\/p>\n<p><a href=\"https:\/\/unsplash.com\/\" target=\"_blank\" rel=\"noopener\">Unsplash<\/a><\/p>\n<p><a href=\"https:\/\/en.wikipedia.org\/wiki\/Wikipedia:Public_domain_image_resources#Objects\" target=\"_blank\" rel=\"noopener\">Wikipedia:Public domain image resources<\/a><\/p>\n<p><a href=\"https:\/\/pixabay.com\/\" target=\"_blank\" rel=\"noopener\">Pixabay<\/a><\/p>\n<p><a href=\"https:\/\/openclipart.org\/\" target=\"_blank\" rel=\"noopener\">Clip Art<\/a> (dibujos)<\/p>\n<p><a href=\"https:\/\/iconmonstr.com\/\" target=\"_blank\" rel=\"noopener\">Iconmonstr<\/a> (iconos)<\/p>\n<p><a href=\"https:\/\/www.freepik.es\/\" target=\"_blank\" rel=\"noopener\">Freepik<\/a> (iconos e im\u00e1genes vectoriales)<\/td>\n<td><a href=\"https:\/\/www.jamendo.com\/\" target=\"_blank\" rel=\"noopener\">Jamendo<\/a><\/p>\n<p><a href=\"https:\/\/help.vimeo.com\/hc\/en-us\/articles\/236022047-Music-Store\" target=\"_blank\" rel=\"noopener\">Vimeo music store<\/a><\/td>\n<td><a href=\"https:\/\/archive.org\/details\/movies\" target=\"_blank\" rel=\"noopener\">Internet archive<\/a><\/p>\n<p><a href=\"https:\/\/www.videvo.net\/\" target=\"_blank\" rel=\"noopener\">Videvo<\/a><\/p>\n<p><a href=\"https:\/\/vimeo.com\/creativecommons\" target=\"_blank\" rel=\"noopener\">Vimeo Creative Commons<\/a><\/td>\n<\/tr>\n<\/tbody>\n<\/table>\n<p>&nbsp;<\/p>\n","protected":false},"excerpt":{"rendered":"<p>Como se ha visto hasta ahora, los archivos (documentos, im\u00e1genes, ideas, audios, v\u00eddeos, etc.) que est\u00e1n disponibles en internet y al alcance de cualquier usuario no implican, por defecto, que el usuario tenga derechos de uso y\/o modificaci\u00f3n de los mismos. Solo el autor tiene potestad para definir qu\u00e9 tipo de licencia quiere aplicar a [&hellip;]<\/p>\n","protected":false},"author":1,"featured_media":0,"parent":0,"menu_order":0,"comment_status":"closed","ping_status":"closed","template":"","meta":[],"_links":{"self":[{"href":"http:\/\/cerca-informacio.recursos.uoc.edu\/es\/wp-json\/wp\/v2\/pages\/431"}],"collection":[{"href":"http:\/\/cerca-informacio.recursos.uoc.edu\/es\/wp-json\/wp\/v2\/pages"}],"about":[{"href":"http:\/\/cerca-informacio.recursos.uoc.edu\/es\/wp-json\/wp\/v2\/types\/page"}],"author":[{"embeddable":true,"href":"http:\/\/cerca-informacio.recursos.uoc.edu\/es\/wp-json\/wp\/v2\/users\/1"}],"replies":[{"embeddable":true,"href":"http:\/\/cerca-informacio.recursos.uoc.edu\/es\/wp-json\/wp\/v2\/comments?post=431"}],"version-history":[{"count":5,"href":"http:\/\/cerca-informacio.recursos.uoc.edu\/es\/wp-json\/wp\/v2\/pages\/431\/revisions"}],"predecessor-version":[{"id":806,"href":"http:\/\/cerca-informacio.recursos.uoc.edu\/es\/wp-json\/wp\/v2\/pages\/431\/revisions\/806"}],"wp:attachment":[{"href":"http:\/\/cerca-informacio.recursos.uoc.edu\/es\/wp-json\/wp\/v2\/media?parent=431"}],"curies":[{"name":"wp","href":"https:\/\/api.w.org\/{rel}","templated":true}]}}