{"id":517,"date":"2018-07-30T10:08:16","date_gmt":"2018-07-30T08:08:16","guid":{"rendered":"http:\/\/cerca-informacio.recursos.uoc.edu\/?page_id=517"},"modified":"2018-07-30T10:08:16","modified_gmt":"2018-07-30T08:08:16","slug":"2-1-3-es-fiable-wikipedia","status":"publish","type":"page","link":"http:\/\/cerca-informacio.recursos.uoc.edu\/es\/2-1-3-es-fiable-wikipedia\/","title":{"rendered":"2.1.3. \u00bfEs fiable Wikipedia?"},"content":{"rendered":"<p>Existe una fuente de informaci\u00f3n a la que muchos buscadores nos remiten cuando buscamos algo: <strong>Wikipedia<\/strong>. En este sentido, hay que tener en cuenta que no se trata de una fuente primaria. Adem\u00e1s, al ser colaborativa, no tiene una autor\u00eda espec\u00edfica. Por lo tanto, es muy importante siempre tener en cuenta a qu\u00e9 fuentes nos remite el art\u00edculo, es decir, referencias v\u00e1lidas que nos lleven a fuentes acreditadas como publicaciones universitarias, libros, revistas cient\u00edficas, peri\u00f3dicos, etc., que nos permitan contrastar y comprobar la informaci\u00f3n que se expone y evaluar su fiabilidad.<\/p>\n<p>Pod\u00e9is ampliar informaci\u00f3n al respecto en los siguientes enlaces que nos proporciona Wikipedia:<\/p>\n<ul>\n<li><a href=\"https:\/\/es.wikipedia.org\/wiki\/Wikipedia:Wikipedia_no_es_una_fuente_primaria\" target=\"_blank\" rel=\"noopener\">https:\/\/es.wikipedia.org\/wiki\/Wikipedia:Wikipedia_no_es_una_fuente_primaria<\/a><\/li>\n<li><a href=\"https:\/\/es.wikipedia.org\/wiki\/Wikipedia:Limitaci%C3%B3n_general_de_responsabilidad\" target=\"_blank\" rel=\"noopener\">https:\/\/es.wikipedia.org\/wiki\/Wikipedia:Limitaci%C3%B3n_general_de_responsabilidad<\/a><\/li>\n<\/ul>\n<p>Por otra parte, tened en cuenta que, cuando el art\u00edculo publicado en Wikipedia no cumple con el apartado de referencias, aparece una advertencia para que lo tengamos presente, o bien otras observaciones susceptibles de ser mejoradas en lo que respecta a la calidad del art\u00edculo.<\/p>\n<p>Sin embargo, los apartados de discusi\u00f3n e historial de los art\u00edculos de Wikipedia tambi\u00e9n nos permiten ver cu\u00e1les pueden ser los puntos conflictivos de un determinado tema, o las diferentes actualizaciones que se han hecho del art\u00edculo.<\/p>\n","protected":false},"excerpt":{"rendered":"<p>Existe una fuente de informaci\u00f3n a la que muchos buscadores nos remiten cuando buscamos algo: Wikipedia. En este sentido, hay que tener en cuenta que no se trata de una fuente primaria. Adem\u00e1s, al ser colaborativa, no tiene una autor\u00eda espec\u00edfica. Por lo tanto, es muy importante siempre tener en cuenta a qu\u00e9 fuentes nos [&hellip;]<\/p>\n","protected":false},"author":1,"featured_media":0,"parent":0,"menu_order":0,"comment_status":"closed","ping_status":"closed","template":"","meta":[],"_links":{"self":[{"href":"http:\/\/cerca-informacio.recursos.uoc.edu\/es\/wp-json\/wp\/v2\/pages\/517"}],"collection":[{"href":"http:\/\/cerca-informacio.recursos.uoc.edu\/es\/wp-json\/wp\/v2\/pages"}],"about":[{"href":"http:\/\/cerca-informacio.recursos.uoc.edu\/es\/wp-json\/wp\/v2\/types\/page"}],"author":[{"embeddable":true,"href":"http:\/\/cerca-informacio.recursos.uoc.edu\/es\/wp-json\/wp\/v2\/users\/1"}],"replies":[{"embeddable":true,"href":"http:\/\/cerca-informacio.recursos.uoc.edu\/es\/wp-json\/wp\/v2\/comments?post=517"}],"version-history":[{"count":1,"href":"http:\/\/cerca-informacio.recursos.uoc.edu\/es\/wp-json\/wp\/v2\/pages\/517\/revisions"}],"predecessor-version":[{"id":518,"href":"http:\/\/cerca-informacio.recursos.uoc.edu\/es\/wp-json\/wp\/v2\/pages\/517\/revisions\/518"}],"wp:attachment":[{"href":"http:\/\/cerca-informacio.recursos.uoc.edu\/es\/wp-json\/wp\/v2\/media?parent=517"}],"curies":[{"name":"wp","href":"https:\/\/api.w.org\/{rel}","templated":true}]}}